{"id":4988,"date":"2022-01-16T21:44:58","date_gmt":"2022-01-16T20:44:58","guid":{"rendered":"https:\/\/hugogreen.pl\/?page_id=4988"},"modified":"2022-05-27T15:15:07","modified_gmt":"2022-05-27T13:15:07","slug":"eksperci-hugo","status":"publish","type":"page","link":"https:\/\/hugogreen.pl\/en\/eksperci-hugo\/","title":{"rendered":"Experts"},"content":{"rendered":"<div class=\"vc_row wpb_row vc_row-fluid\">\n            \t\t\t\t\t\t\t<div class=\"gf-container container\">\n\t\t\t\t\t\t\t\t<div class=\"wpb_column vc_column_container vc_col-sm-12\"><div class=\"vc_column-inner\"><div class=\"wpb_wrapper\"><div class=\"g5plus-space space-69e177b654001\" data-id=\"69e177b654001\" data-tablet=\"70\" data-tablet-portrait=\"60\" data-mobile=\"40\" data-mobile-landscape=\"50\" style=\"clear: both; display: block; height: 150px\"><\/div><\/div><\/div><\/div>\t\t\t\t\t\t\t<\/div>\n\t\t\t\n\t\t<\/div>\n\t\t<div class=\"vc_row wpb_row vc_row-fluid\">\n            \t\t\t\t\t\t\t<div class=\"gf-container container\">\n\t\t\t\t\t\t\t\t<div class=\"wpb_column vc_column_container vc_col-sm-12\"><div class=\"vc_column-inner\"><div class=\"wpb_wrapper\"><div class=\"gf-heading gf-heading-style-02 text-center\">\n\t<div class=\"gf-heading-inner gf-heading-69e177b65469d\">\n                                                <h4 class=\"heading-title\">Eksperci Hugo<\/h4>\n                                                \t<\/div>\n<\/div>\n<div class=\"vc_empty_space\"   style=\"height: 32px\"><span class=\"vc_empty_space_inner\"><\/span><\/div><\/div><\/div><\/div>\t\t\t\t\t\t\t<\/div>\n\t\t\t\n\t\t<\/div>\n\t\t<div class=\"vc_row wpb_row vc_row-fluid\">\n            \t\t\t\t\t\t\t<div class=\"gf-container container\">\n\t\t\t\t\t\t\t\t<div class=\"wpb_column vc_column_container vc_col-sm-4\"><div class=\"vc_column-inner\"><div class=\"wpb_wrapper\">\n\t<div  class=\"wpb_single_image wpb_content_element vc_align_center\">\n\t\t\n\t\t<figure class=\"wpb_wrapper vc_figure\">\n\t\t\t<div class=\"vc_single_image-wrapper   vc_box_border_grey\"><img loading=\"lazy\" decoding=\"async\" width=\"225\" height=\"300\" src=\"https:\/\/hugogreen.pl\/wp-content\/uploads\/2022\/01\/maciej_chowaniak_hugo_ekspert-225x300.jpg\" class=\"vc_single_image-img attachment-medium\" alt=\"\" srcset=\"https:\/\/hugogreen.pl\/wp-content\/uploads\/2022\/01\/maciej_chowaniak_hugo_ekspert-225x300.jpg 225w, https:\/\/hugogreen.pl\/wp-content\/uploads\/2022\/01\/maciej_chowaniak_hugo_ekspert-768x1024.jpg 768w, https:\/\/hugogreen.pl\/wp-content\/uploads\/2022\/01\/maciej_chowaniak_hugo_ekspert-1152x1536.jpg 1152w, https:\/\/hugogreen.pl\/wp-content\/uploads\/2022\/01\/maciej_chowaniak_hugo_ekspert-1536x2048.jpg 1536w, https:\/\/hugogreen.pl\/wp-content\/uploads\/2022\/01\/maciej_chowaniak_hugo_ekspert-9x12.jpg 9w, https:\/\/hugogreen.pl\/wp-content\/uploads\/2022\/01\/maciej_chowaniak_hugo_ekspert-scaled.jpg 1920w\" sizes=\"auto, (max-width: 225px) 100vw, 225px\" \/><\/div>\n\t\t<\/figure>\n\t<\/div>\n\n\t<div class=\"wpb_text_column wpb_content_element\" >\n\t\t<div class=\"wpb_wrapper\">\n\t\t\t<p style=\"text-align: center;\"><strong>Maciej Chowaniak<\/strong><\/p>\n<p>Audytor i inspektor z wieloletnim do\u015bwiadczeniem w zakresie system\u00f3w \u00a0GlobalG.A.P., Rolnictwo Ekologiczne oraz Integrowana Produkcja. CIPRO Assessor w GLOBALG.A.P. c\/o FoodPLUS GmbH.<\/p>\n<p>Doktor nauk rolniczych, pracownik naukowo dydaktyczny Katedry Agorekologii i Produkcji Roslinnej Uniwersytetu Rolniczego im. Hugona Ko\u0142\u0142\u0105taja w Krakowie.<\/p>\n\n\t\t<\/div>\n\t<\/div>\n<\/div><\/div><\/div><div class=\"wpb_column vc_column_container vc_col-sm-4\"><div class=\"vc_column-inner\"><div class=\"wpb_wrapper\">\n\t<div  class=\"wpb_single_image wpb_content_element vc_align_center\">\n\t\t\n\t\t<figure class=\"wpb_wrapper vc_figure\">\n\t\t\t<div class=\"vc_single_image-wrapper   vc_box_border_grey\"><img loading=\"lazy\" decoding=\"async\" width=\"233\" height=\"300\" src=\"https:\/\/hugogreen.pl\/wp-content\/uploads\/2022\/05\/MKB-zdjecie-233x300.jpg\" class=\"vc_single_image-img attachment-medium\" alt=\"\" srcset=\"https:\/\/hugogreen.pl\/wp-content\/uploads\/2022\/05\/MKB-zdjecie-233x300.jpg 233w, https:\/\/hugogreen.pl\/wp-content\/uploads\/2022\/05\/MKB-zdjecie-796x1024.jpg 796w, https:\/\/hugogreen.pl\/wp-content\/uploads\/2022\/05\/MKB-zdjecie-768x988.jpg 768w, https:\/\/hugogreen.pl\/wp-content\/uploads\/2022\/05\/MKB-zdjecie-1194x1536.jpg 1194w, https:\/\/hugogreen.pl\/wp-content\/uploads\/2022\/05\/MKB-zdjecie-1592x2048.jpg 1592w, https:\/\/hugogreen.pl\/wp-content\/uploads\/2022\/05\/MKB-zdjecie-9x12.jpg 9w, https:\/\/hugogreen.pl\/wp-content\/uploads\/2022\/05\/MKB-zdjecie-scaled.jpg 1990w\" sizes=\"auto, (max-width: 233px) 100vw, 233px\" \/><\/div>\n\t\t<\/figure>\n\t<\/div>\n\n\t<div class=\"wpb_text_column wpb_content_element\" >\n\t\t<div class=\"wpb_wrapper\">\n\t\t\t<p style=\"text-align: center;\"><strong>Ma\u0142gorzata Koncewicz-Baran<\/strong><\/p>\n<p>Od 2020 roku wsp\u00f3\u0142pracuje z Ambasad\u0105 Kr\u00f3lewstwa Niderlandii w Polsce przy realizacji projektu poprawy jako\u015bci gleb w Polsce (administrator modu\u0142u E-learningowego), finansowanego przez Netherlands Enterprise Agency w Hadze oraz w ramach przygotowania broszury informacyjnej &#8222;Agriculture in Poland, Soil characteristics and quality&#8221; dla inwestor\u00f3w z Niderland\u00f3w na polskim rynku, finansowane przez Ministry of Agriculture, Nature and Food Quality of the Kingdom of the Netherlands. Doktor nauk rolniczych w zakresie agronomii, specjalno\u015b\u0107 chemia rolna, ochrona \u015brodowiska, Uniwersytet Rolniczy im. Hugona Ko\u0142\u0142\u0105taja w Krakowie, Wydzia\u0142\u201a Rolniczo-Ekonomiczny, Katedra Chemii Rolnej i \u015arodowiskowej.<\/p>\n\n\t\t<\/div>\n\t<\/div>\n<\/div><\/div><\/div>\t\t\t\t\t\t\t<\/div>\n\t\t\t\n\t\t<\/div>","protected":false},"excerpt":{"rendered":"Eksperci Hugo Maciej Chowaniak Audytor i inspektor z wieloletnim do\u015bwiadczeniem w zakresie system\u00f3w \u00a0GlobalG.A.P., Rolnictwo Ekologiczne oraz Integrowana Produkcja. CIPRO Assessor w GLOBALG.A.P. c\/o FoodPLUS GmbH. Doktor nauk rolniczych, pracownik naukowo dydaktyczny Katedry Agorekologii i Produkcji Roslinnej Uniwersytetu Rolniczego im. Hugona Ko\u0142\u0142\u0105taja w Krakowie. Ma\u0142gorzata Koncewicz-Baran Od 2020 roku wsp\u00f3\u0142pracuje z Ambasad\u0105 Kr\u00f3lewstwa Niderlandii w [...]","protected":false},"author":1,"featured_media":0,"parent":0,"menu_order":0,"comment_status":"closed","ping_status":"closed","template":"","meta":{"footnotes":""},"class_list":["post-4988","page","type-page","status-publish","hentry"],"_links":{"self":[{"href":"https:\/\/hugogreen.pl\/en\/wp-json\/wp\/v2\/pages\/4988","targetHints":{"allow":["GET"]}}],"collection":[{"href":"https:\/\/hugogreen.pl\/en\/wp-json\/wp\/v2\/pages"}],"about":[{"href":"https:\/\/hugogreen.pl\/en\/wp-json\/wp\/v2\/types\/page"}],"author":[{"embeddable":true,"href":"https:\/\/hugogreen.pl\/en\/wp-json\/wp\/v2\/users\/1"}],"replies":[{"embeddable":true,"href":"https:\/\/hugogreen.pl\/en\/wp-json\/wp\/v2\/comments?post=4988"}],"version-history":[{"count":4,"href":"https:\/\/hugogreen.pl\/en\/wp-json\/wp\/v2\/pages\/4988\/revisions"}],"predecessor-version":[{"id":5005,"href":"https:\/\/hugogreen.pl\/en\/wp-json\/wp\/v2\/pages\/4988\/revisions\/5005"}],"wp:attachment":[{"href":"https:\/\/hugogreen.pl\/en\/wp-json\/wp\/v2\/media?parent=4988"}],"curies":[{"name":"wp","href":"https:\/\/api.w.org\/{rel}","templated":true}]}}