{"id":4837,"date":"2021-07-23T08:14:48","date_gmt":"2021-07-23T06:14:48","guid":{"rendered":"https:\/\/hugogreen.pl\/?page_id=4837"},"modified":"2021-12-15T19:36:51","modified_gmt":"2021-12-15T18:36:51","slug":"hugo-konsulting","status":"publish","type":"page","link":"https:\/\/hugogreen.pl\/en\/hugo-konsulting\/","title":{"rendered":"Hugo Konsulting"},"content":{"rendered":"<div class=\"vc_row wpb_row vc_row-fluid\">\n            \t\t\t\t\t\t\t<div class=\"gf-container container\">\n\t\t\t\t\t\t\t\t<div class=\"wpb_column vc_column_container vc_col-sm-12\"><div class=\"vc_column-inner\"><div class=\"wpb_wrapper\"><div class=\"g5plus-space space-69e178a2cf4ab\" data-id=\"69e178a2cf4ab\" data-tablet=\"70\" data-tablet-portrait=\"60\" data-mobile=\"40\" data-mobile-landscape=\"50\" style=\"clear: both; display: block; height: 150px\"><\/div><\/div><\/div><\/div>\t\t\t\t\t\t\t<\/div>\n\t\t\t\n\t\t<\/div>\n\t\t<div class=\"vc_row wpb_row vc_row-fluid\">\n            \t\t\t\t\t\t\t<div class=\"gf-container container\">\n\t\t\t\t\t\t\t\t<div class=\"wpb_column vc_column_container vc_col-sm-12\"><div class=\"vc_column-inner\"><div class=\"wpb_wrapper\"><div class=\"gf-heading gf-heading-style-04 text-center\">\n\t<div class=\"gf-heading-inner gf-heading-69e178a2cfa01\">\n                                    <h4 class=\"heading-title\">HUGO Konsulting<\/h4>\n                                \t<\/div>\n<\/div>\n<div class=\"vc_empty_space\"   style=\"height: 32px\"><span class=\"vc_empty_space_inner\"><\/span><\/div><div class=\"gsf-border-container fs-0 text-center vc_custom_1639592144573\">\n    <span class=\"gsf-border-inner display-inline-block gsf-border-2529\"><\/span>\n<\/div><\/div><\/div><\/div>\t\t\t\t\t\t\t<\/div>\n\t\t\t\n\t\t<\/div>\n\t\t<div class=\"vc_row wpb_row vc_row-fluid\">\n            \t\t\t\t\t\t\t<div class=\"gf-container container\">\n\t\t\t\t\t\t\t\t<div class=\"wpb_column vc_column_container vc_col-sm-12\"><div class=\"vc_column-inner\"><div class=\"wpb_wrapper\"><div class=\"vc_empty_space\"   style=\"height: 32px\"><span class=\"vc_empty_space_inner\"><\/span><\/div><\/div><\/div><\/div>\t\t\t\t\t\t\t<\/div>\n\t\t\t\n\t\t<\/div>\n\t\t<div class=\"vc_row wpb_row vc_row-fluid\">\n            \t\t\t\t\t\t\t<div class=\"gf-container container\">\n\t\t\t\t\t\t\t\t<div class=\"wpb_column vc_column_container vc_col-sm-12\"><div class=\"vc_column-inner\"><div class=\"wpb_wrapper\"><div class=\"gf-heading gf-heading-style-01 text-center\">\n\t<div class=\"gf-heading-inner gf-heading-69e178a2d0832\">\n                                                <h4 class=\"heading-title\">Wiemy jak rozwi\u0105za\u0107 wyzwania w Twoim gospodarstwie!<\/h4>\n                                                        <div class=\"heading-description\">\n                    <p><span style=\"font-weight: 400;\">HUGO Konsulting prowadzi doradztwo w szerokim tego s\u0142owa zakresie, pomagamy w wyborze technologii, analizujemy gospodarstwa, przeprowadzamy audyt, pomo\u017cemy wdro\u017cy\u0107 system zarz\u0105dzania gospodarstwem, dzi\u0119ki wsp\u00f3\u0142pracy z Uniwersytetem Rolniczym z Krakowa posiadamy bardzo merytoryczn\u0105 kadr\u0119 szkoleniow\u0105. Dzi\u0119ki wsp\u00f3\u0142pracy z ekspertami z bogatym do\u015bwiadczeniem, \u015bwiadczymy kompleksow\u0105 pomoc w szerokim zakresie. <\/span><\/p>\n                <\/div>\n                    \t<\/div>\n<\/div>\n<div class=\"vc_empty_space\"   style=\"height: 64px\"><span class=\"vc_empty_space_inner\"><\/span><\/div>\n\t<div  class=\"wpb_single_image wpb_content_element vc_align_center\">\n\t\t\n\t\t<figure class=\"wpb_wrapper vc_figure\">\n\t\t\t<div class=\"vc_single_image-wrapper   vc_box_border_grey\"><img loading=\"lazy\" decoding=\"async\" width=\"1920\" height=\"1080\" src=\"https:\/\/hugogreen.pl\/wp-content\/uploads\/2021\/06\/Rolnictwo-1.jpg\" class=\"vc_single_image-img attachment-full\" alt=\"\" srcset=\"https:\/\/hugogreen.pl\/wp-content\/uploads\/2021\/06\/Rolnictwo-1.jpg 1920w, https:\/\/hugogreen.pl\/wp-content\/uploads\/2021\/06\/Rolnictwo-1-300x169.jpg 300w, https:\/\/hugogreen.pl\/wp-content\/uploads\/2021\/06\/Rolnictwo-1-1024x576.jpg 1024w, https:\/\/hugogreen.pl\/wp-content\/uploads\/2021\/06\/Rolnictwo-1-768x432.jpg 768w, https:\/\/hugogreen.pl\/wp-content\/uploads\/2021\/06\/Rolnictwo-1-1536x864.jpg 1536w\" sizes=\"auto, (max-width: 1920px) 100vw, 1920px\" \/><\/div>\n\t\t<\/figure>\n\t<\/div>\n<div class=\"vc_row wpb_row vc_inner vc_row-fluid\"><div class=\"wpb_column vc_column_container vc_col-sm-3\"><div class=\"vc_column-inner\"><div class=\"wpb_wrapper\"><div class=\"gf-heading gf-heading-style-04 text-center\">\n\t<div class=\"gf-heading-inner gf-heading-69e178a2d1623\">\n                                    <h4 class=\"heading-title\">Doradztwo<\/h4>\n                                        <span class=\"heading-sub-title\">Rolnictwo precyzyjne<\/span>\n                    \t<\/div>\n<\/div>\n<div class=\"vc_empty_space\"   style=\"height: 32px\"><span class=\"vc_empty_space_inner\"><\/span><\/div>\n\t<div  class=\"wpb_single_image wpb_content_element vc_align_center\">\n\t\t\n\t\t<figure class=\"wpb_wrapper vc_figure\">\n\t\t\t<div class=\"vc_single_image-wrapper   vc_box_border_grey\"><img loading=\"lazy\" decoding=\"async\" width=\"300\" height=\"188\" src=\"https:\/\/hugogreen.pl\/wp-content\/uploads\/2021\/11\/hugo-green-konsulting-1-300x188.jpg\" class=\"vc_single_image-img attachment-medium\" alt=\"\" srcset=\"https:\/\/hugogreen.pl\/wp-content\/uploads\/2021\/11\/hugo-green-konsulting-1-300x188.jpg 300w, https:\/\/hugogreen.pl\/wp-content\/uploads\/2021\/11\/hugo-green-konsulting-1-1024x640.jpg 1024w, https:\/\/hugogreen.pl\/wp-content\/uploads\/2021\/11\/hugo-green-konsulting-1-768x480.jpg 768w, https:\/\/hugogreen.pl\/wp-content\/uploads\/2021\/11\/hugo-green-konsulting-1-1536x960.jpg 1536w, https:\/\/hugogreen.pl\/wp-content\/uploads\/2021\/11\/hugo-green-konsulting-1-16x10.jpg 16w, https:\/\/hugogreen.pl\/wp-content\/uploads\/2021\/11\/hugo-green-konsulting-1.jpg 1920w\" sizes=\"auto, (max-width: 300px) 100vw, 300px\" \/><\/div>\n\t\t<\/figure>\n\t<\/div>\n<\/div><\/div><\/div><div class=\"wpb_column vc_column_container vc_col-sm-3\"><div class=\"vc_column-inner\"><div class=\"wpb_wrapper\"><div class=\"gf-heading gf-heading-style-04 text-center\">\n\t<div class=\"gf-heading-inner gf-heading-69e178a2d1ff7\">\n                                    <h4 class=\"heading-title\">Analiza<\/h4>\n                                        <span class=\"heading-sub-title\">Gospodarstw i plonu<\/span>\n                    \t<\/div>\n<\/div>\n<div class=\"vc_empty_space\"   style=\"height: 32px\"><span class=\"vc_empty_space_inner\"><\/span><\/div>\n\t<div  class=\"wpb_single_image wpb_content_element vc_align_center\">\n\t\t\n\t\t<figure class=\"wpb_wrapper vc_figure\">\n\t\t\t<div class=\"vc_single_image-wrapper   vc_box_border_grey\"><img loading=\"lazy\" decoding=\"async\" width=\"300\" height=\"192\" src=\"https:\/\/hugogreen.pl\/wp-content\/uploads\/2021\/11\/hugo-green-konsulting-2-300x192.jpg\" class=\"vc_single_image-img attachment-medium\" alt=\"\" srcset=\"https:\/\/hugogreen.pl\/wp-content\/uploads\/2021\/11\/hugo-green-konsulting-2-300x192.jpg 300w, https:\/\/hugogreen.pl\/wp-content\/uploads\/2021\/11\/hugo-green-konsulting-2-1024x654.jpg 1024w, https:\/\/hugogreen.pl\/wp-content\/uploads\/2021\/11\/hugo-green-konsulting-2-768x490.jpg 768w, https:\/\/hugogreen.pl\/wp-content\/uploads\/2021\/11\/hugo-green-konsulting-2-1536x981.jpg 1536w, https:\/\/hugogreen.pl\/wp-content\/uploads\/2021\/11\/hugo-green-konsulting-2-16x10.jpg 16w, https:\/\/hugogreen.pl\/wp-content\/uploads\/2021\/11\/hugo-green-konsulting-2.jpg 1920w\" sizes=\"auto, (max-width: 300px) 100vw, 300px\" \/><\/div>\n\t\t<\/figure>\n\t<\/div>\n<\/div><\/div><\/div><div class=\"wpb_column vc_column_container vc_col-sm-3\"><div class=\"vc_column-inner\"><div class=\"wpb_wrapper\"><div class=\"gf-heading gf-heading-style-04 text-center\">\n\t<div class=\"gf-heading-inner gf-heading-69e178a2d29d3\">\n                                    <h4 class=\"heading-title\">Szkolenia<\/h4>\n                                        <span class=\"heading-sub-title\">Rolnicze i IT<\/span>\n                    \t<\/div>\n<\/div>\n<div class=\"vc_empty_space\"   style=\"height: 32px\"><span class=\"vc_empty_space_inner\"><\/span><\/div>\n\t<div  class=\"wpb_single_image wpb_content_element vc_align_center\">\n\t\t\n\t\t<figure class=\"wpb_wrapper vc_figure\">\n\t\t\t<div class=\"vc_single_image-wrapper   vc_box_border_grey\"><img loading=\"lazy\" decoding=\"async\" width=\"300\" height=\"199\" src=\"https:\/\/hugogreen.pl\/wp-content\/uploads\/2021\/11\/hugo-green-konsulting-4-300x199.jpg\" class=\"vc_single_image-img attachment-medium\" alt=\"\" srcset=\"https:\/\/hugogreen.pl\/wp-content\/uploads\/2021\/11\/hugo-green-konsulting-4-300x199.jpg 300w, https:\/\/hugogreen.pl\/wp-content\/uploads\/2021\/11\/hugo-green-konsulting-4-1024x681.jpg 1024w, https:\/\/hugogreen.pl\/wp-content\/uploads\/2021\/11\/hugo-green-konsulting-4-768x510.jpg 768w, https:\/\/hugogreen.pl\/wp-content\/uploads\/2021\/11\/hugo-green-konsulting-4-1536x1021.jpg 1536w, https:\/\/hugogreen.pl\/wp-content\/uploads\/2021\/11\/hugo-green-konsulting-4-16x12.jpg 16w, https:\/\/hugogreen.pl\/wp-content\/uploads\/2021\/11\/hugo-green-konsulting-4.jpg 1920w\" sizes=\"auto, (max-width: 300px) 100vw, 300px\" \/><\/div>\n\t\t<\/figure>\n\t<\/div>\n<\/div><\/div><\/div><div class=\"wpb_column vc_column_container vc_col-sm-3\"><div class=\"vc_column-inner\"><div class=\"wpb_wrapper\"><div class=\"gf-heading gf-heading-style-04 text-center\">\n\t<div class=\"gf-heading-inner gf-heading-69e178a2d35fa\">\n                                    <h4 class=\"heading-title\">Oprogramowanie<\/h4>\n                                        <span class=\"heading-sub-title\">Automatyzacja i analityka<\/span>\n                    \t<\/div>\n<\/div>\n<div class=\"vc_empty_space\"   style=\"height: 32px\"><span class=\"vc_empty_space_inner\"><\/span><\/div>\n\t<div  class=\"wpb_single_image wpb_content_element vc_align_center\">\n\t\t\n\t\t<figure class=\"wpb_wrapper vc_figure\">\n\t\t\t<div class=\"vc_single_image-wrapper   vc_box_border_grey\"><img loading=\"lazy\" decoding=\"async\" width=\"300\" height=\"200\" src=\"https:\/\/hugogreen.pl\/wp-content\/uploads\/2021\/11\/hugo-green-konsulting-5-300x200.jpg\" class=\"vc_single_image-img attachment-medium\" alt=\"\" srcset=\"https:\/\/hugogreen.pl\/wp-content\/uploads\/2021\/11\/hugo-green-konsulting-5-300x200.jpg 300w, https:\/\/hugogreen.pl\/wp-content\/uploads\/2021\/11\/hugo-green-konsulting-5-1024x681.jpg 1024w, https:\/\/hugogreen.pl\/wp-content\/uploads\/2021\/11\/hugo-green-konsulting-5-768x511.jpg 768w, https:\/\/hugogreen.pl\/wp-content\/uploads\/2021\/11\/hugo-green-konsulting-5-1536x1022.jpg 1536w, https:\/\/hugogreen.pl\/wp-content\/uploads\/2021\/11\/hugo-green-konsulting-5-16x12.jpg 16w, https:\/\/hugogreen.pl\/wp-content\/uploads\/2021\/11\/hugo-green-konsulting-5.jpg 1920w\" sizes=\"auto, (max-width: 300px) 100vw, 300px\" \/><\/div>\n\t\t<\/figure>\n\t<\/div>\n<\/div><\/div><\/div><\/div><div class=\"vc_row wpb_row vc_inner vc_row-fluid\"><div class=\"wpb_column vc_column_container vc_col-sm-12\"><div class=\"vc_column-inner\"><div class=\"wpb_wrapper\"><div class=\"vc_empty_space\"   style=\"height: 64px\"><span class=\"vc_empty_space_inner\"><\/span><\/div><\/div><\/div><\/div><div class=\"wpb_column vc_column_container vc_col-sm-6\"><div class=\"vc_column-inner\"><div class=\"wpb_wrapper\"><div class=\"gf-heading gf-heading-style-01 text-center\">\n\t<div class=\"gf-heading-inner gf-heading-69e178a2e160f\">\n                                                <h4 class=\"heading-title\">Doradztwo<\/h4>\n                                                \t<\/div>\n<\/div>\n<div class=\"vc_empty_space\"   style=\"height: 32px\"><span class=\"vc_empty_space_inner\"><\/span><\/div>\n\t<div class=\"wpb_text_column wpb_content_element\" >\n\t\t<div class=\"wpb_wrapper\">\n\t\t\t<p style=\"text-align: center;\">Analizujemy, doradzamy i wspieramy we wdra\u017caniu.<\/p>\n\n\t\t<\/div>\n\t<\/div>\n<\/div><\/div><\/div><div class=\"wpb_column vc_column_container vc_col-sm-6\"><div class=\"vc_column-inner\"><div class=\"wpb_wrapper\">\n\t<div  class=\"wpb_single_image wpb_content_element vc_align_center\">\n\t\t\n\t\t<figure class=\"wpb_wrapper vc_figure\">\n\t\t\t<div class=\"vc_single_image-wrapper   vc_box_border_grey\"><img loading=\"lazy\" decoding=\"async\" width=\"1024\" height=\"683\" src=\"https:\/\/hugogreen.pl\/wp-content\/uploads\/2021\/11\/startup-g828161e99_1920-1024x683.jpg\" class=\"vc_single_image-img attachment-large\" alt=\"\" srcset=\"https:\/\/hugogreen.pl\/wp-content\/uploads\/2021\/11\/startup-g828161e99_1920-1024x683.jpg 1024w, https:\/\/hugogreen.pl\/wp-content\/uploads\/2021\/11\/startup-g828161e99_1920-300x200.jpg 300w, https:\/\/hugogreen.pl\/wp-content\/uploads\/2021\/11\/startup-g828161e99_1920-768x512.jpg 768w, https:\/\/hugogreen.pl\/wp-content\/uploads\/2021\/11\/startup-g828161e99_1920-1536x1024.jpg 1536w, https:\/\/hugogreen.pl\/wp-content\/uploads\/2021\/11\/startup-g828161e99_1920-16x12.jpg 16w, https:\/\/hugogreen.pl\/wp-content\/uploads\/2021\/11\/startup-g828161e99_1920.jpg 1920w\" sizes=\"auto, (max-width: 1024px) 100vw, 1024px\" \/><\/div>\n\t\t<\/figure>\n\t<\/div>\n<\/div><\/div><\/div><\/div><div class=\"g5plus-space space-69e178a2e241d\" data-id=\"69e178a2e241d\" data-tablet=\"50\" data-tablet-portrait=\"40\" data-mobile=\"30\" data-mobile-landscape=\"30\" style=\"clear: both; display: block; height: 58px\"><\/div><div class=\"vc_row wpb_row vc_inner vc_row-fluid\"><div class=\"wpb_column vc_column_container vc_col-sm-6\"><div class=\"vc_column-inner\"><div class=\"wpb_wrapper\"><div class=\"vc_empty_space  vc_hidden-lg vc_hidden-md\"   style=\"height: 32px\"><span class=\"vc_empty_space_inner\"><\/span><\/div>\n\t<div  class=\"wpb_single_image wpb_content_element vc_align_left\">\n\t\t\n\t\t<figure class=\"wpb_wrapper vc_figure\">\n\t\t\t<div class=\"vc_single_image-wrapper   vc_box_border_grey\"><img loading=\"lazy\" decoding=\"async\" width=\"1024\" height=\"767\" src=\"https:\/\/hugogreen.pl\/wp-content\/uploads\/2021\/06\/DJI_0771-1024x767.jpg\" class=\"vc_single_image-img attachment-large\" alt=\"\" srcset=\"https:\/\/hugogreen.pl\/wp-content\/uploads\/2021\/06\/DJI_0771-1024x767.jpg 1024w, https:\/\/hugogreen.pl\/wp-content\/uploads\/2021\/06\/DJI_0771-300x225.jpg 300w, https:\/\/hugogreen.pl\/wp-content\/uploads\/2021\/06\/DJI_0771-768x575.jpg 768w, https:\/\/hugogreen.pl\/wp-content\/uploads\/2021\/06\/DJI_0771-1536x1151.jpg 1536w, https:\/\/hugogreen.pl\/wp-content\/uploads\/2021\/06\/DJI_0771-2048x1534.jpg 2048w\" sizes=\"auto, (max-width: 1024px) 100vw, 1024px\" \/><\/div>\n\t\t<\/figure>\n\t<\/div>\n<\/div><\/div><\/div><div class=\"wpb_column vc_column_container vc_col-sm-6\"><div class=\"vc_column-inner\"><div class=\"wpb_wrapper\"><div class=\"gf-heading gf-heading-style-01 text-center\">\n\t<div class=\"gf-heading-inner gf-heading-69e178a2e2f52\">\n                                                <h4 class=\"heading-title\">Analiza gospodarstwa i plonu<\/h4>\n                                                \t<\/div>\n<\/div>\n<div class=\"vc_empty_space\"   style=\"height: 32px\"><span class=\"vc_empty_space_inner\"><\/span><\/div>\n\t<div class=\"wpb_text_column wpb_content_element\" >\n\t\t<div class=\"wpb_wrapper\">\n\t\t\t<ul>\n<li>Analiza rentowno\u015bci.<\/li>\n<li>Wycena inwestycji.<\/li>\n<li style=\"text-align: left;\">Pozyskiwanie alternatywnych \u017ar\u00f3de\u0142 finansowania.<\/li>\n<li>Zarz\u0105dzanie techniczne produkcj\u0105 polow\u0105 i zwierz\u0119c\u0105.<\/li>\n<li>Mechanizacja.<\/li>\n<li>Systemy zarz\u0105dzania informacjami.<\/li>\n<li>Pozyskiwanie \u015brodk\u00f3w unijnych.<\/li>\n<\/ul>\n\n\t\t<\/div>\n\t<\/div>\n<\/div><\/div><\/div><\/div><div class=\"g5plus-space space-69e178a2e35dd\" data-id=\"69e178a2e35dd\" data-tablet=\"50\" data-tablet-portrait=\"40\" data-mobile=\"30\" data-mobile-landscape=\"30\" style=\"clear: both; display: block; height: 58px\"><\/div><div class=\"vc_row wpb_row vc_inner vc_row-fluid\"><div class=\"wpb_column vc_column_container vc_col-sm-6\"><div class=\"vc_column-inner\"><div class=\"wpb_wrapper\"><div class=\"gf-heading gf-heading-style-01 text-center\">\n\t<div class=\"gf-heading-inner gf-heading-69e178a2e3a2f\">\n                                                <h4 class=\"heading-title\">Monitorowanie upraw<\/h4>\n                                                \t<\/div>\n<\/div>\n<div class=\"vc_empty_space\"   style=\"height: 32px\"><span class=\"vc_empty_space_inner\"><\/span><\/div>\n\t<div class=\"wpb_text_column wpb_content_element\" >\n\t\t<div class=\"wpb_wrapper\">\n\t\t\t<ul>\n<li style=\"text-align: left;\">Analiza wegetacji plonu na podstawie mapy NDVI<\/li>\n<li style=\"text-align: left;\">Ochrona \u015brodowiska<\/li>\n<li style=\"text-align: left;\">ograniczenie zu\u017cycia nawoz\u00f3w azotowych<\/li>\n<li style=\"text-align: left;\">zmniejszenie koszt\u00f3w<\/li>\n<\/ul>\n\n\t\t<\/div>\n\t<\/div>\n<\/div><\/div><\/div><div class=\"wpb_column vc_column_container vc_col-sm-6\"><div class=\"vc_column-inner\"><div class=\"wpb_wrapper\">\n\t<div  class=\"wpb_single_image wpb_content_element vc_align_left\">\n\t\t\n\t\t<figure class=\"wpb_wrapper vc_figure\">\n\t\t\t<div class=\"vc_single_image-wrapper   vc_box_border_grey\"><img loading=\"lazy\" decoding=\"async\" width=\"1024\" height=\"682\" src=\"https:\/\/hugogreen.pl\/wp-content\/uploads\/2021\/06\/Rolnictwo2-1024x682.jpg\" class=\"vc_single_image-img attachment-large\" alt=\"\" srcset=\"https:\/\/hugogreen.pl\/wp-content\/uploads\/2021\/06\/Rolnictwo2-1024x682.jpg 1024w, https:\/\/hugogreen.pl\/wp-content\/uploads\/2021\/06\/Rolnictwo2-300x200.jpg 300w, https:\/\/hugogreen.pl\/wp-content\/uploads\/2021\/06\/Rolnictwo2-768x512.jpg 768w, https:\/\/hugogreen.pl\/wp-content\/uploads\/2021\/06\/Rolnictwo2-1536x1023.jpg 1536w, https:\/\/hugogreen.pl\/wp-content\/uploads\/2021\/06\/Rolnictwo2.jpg 1920w\" sizes=\"auto, (max-width: 1024px) 100vw, 1024px\" \/><\/div>\n\t\t<\/figure>\n\t<\/div>\n<\/div><\/div><\/div><\/div><div class=\"g5plus-space space-69e178a2e479a\" data-id=\"69e178a2e479a\" data-tablet=\"50\" data-tablet-portrait=\"40\" data-mobile=\"30\" data-mobile-landscape=\"30\" style=\"clear: both; display: block; height: 58px\"><\/div><div class=\"vc_row wpb_row vc_inner vc_row-fluid\"><div class=\"wpb_column vc_column_container vc_col-sm-6\"><div class=\"vc_column-inner\"><div class=\"wpb_wrapper\"><div class=\"vc_empty_space\"   style=\"height: 32px\"><span class=\"vc_empty_space_inner\"><\/span><\/div>\n\t<div  class=\"wpb_single_image wpb_content_element vc_align_left\">\n\t\t\n\t\t<figure class=\"wpb_wrapper vc_figure\">\n\t\t\t<div class=\"vc_single_image-wrapper   vc_box_border_grey\"><img loading=\"lazy\" decoding=\"async\" width=\"1024\" height=\"683\" src=\"https:\/\/hugogreen.pl\/wp-content\/uploads\/2021\/11\/analytics-gc3965d535_1920-1024x683.jpg\" class=\"vc_single_image-img attachment-large\" alt=\"\" srcset=\"https:\/\/hugogreen.pl\/wp-content\/uploads\/2021\/11\/analytics-gc3965d535_1920-1024x683.jpg 1024w, https:\/\/hugogreen.pl\/wp-content\/uploads\/2021\/11\/analytics-gc3965d535_1920-300x200.jpg 300w, https:\/\/hugogreen.pl\/wp-content\/uploads\/2021\/11\/analytics-gc3965d535_1920-768x512.jpg 768w, https:\/\/hugogreen.pl\/wp-content\/uploads\/2021\/11\/analytics-gc3965d535_1920-1536x1024.jpg 1536w, https:\/\/hugogreen.pl\/wp-content\/uploads\/2021\/11\/analytics-gc3965d535_1920-16x12.jpg 16w, https:\/\/hugogreen.pl\/wp-content\/uploads\/2021\/11\/analytics-gc3965d535_1920.jpg 1920w\" sizes=\"auto, (max-width: 1024px) 100vw, 1024px\" \/><\/div>\n\t\t<\/figure>\n\t<\/div>\n<\/div><\/div><\/div><div class=\"wpb_column vc_column_container vc_col-sm-6\"><div class=\"vc_column-inner\"><div class=\"wpb_wrapper\"><div class=\"gf-heading gf-heading-style-01 text-center\">\n\t<div class=\"gf-heading-inner gf-heading-69e178a2e55d8\">\n                                                <h4 class=\"heading-title\">Oprogramowanie szyte na miar\u0119<\/h4>\n                                                \t<\/div>\n<\/div>\n<div class=\"vc_empty_space\"   style=\"height: 32px\"><span class=\"vc_empty_space_inner\"><\/span><\/div>\n\t<div class=\"wpb_text_column wpb_content_element\" >\n\t\t<div class=\"wpb_wrapper\">\n\t\t\t<p>Pomo\u017cemy wybra\u0107 i wdro\u017cy\u0107 najlepsze oprogramowanie. Ca\u0142y proces poprzedzamy faz\u0105 rozpoznawania potrzeb oraz obecnie stosowanych rozwi\u0105za\u0144, aby zapewni\u0107 maksymalne korzy\u015bci.<\/p>\n\n\t\t<\/div>\n\t<\/div>\n<\/div><\/div><\/div><\/div><div class=\"g5plus-space space-69e178a2e5e32\" data-id=\"69e178a2e5e32\" data-tablet=\"50\" data-tablet-portrait=\"40\" data-mobile=\"30\" data-mobile-landscape=\"30\" style=\"clear: both; display: block; height: 58px\"><\/div><div class=\"gf-heading gf-heading-style-01 text-center\">\n\t<div class=\"gf-heading-inner gf-heading-69e178a2e6004\">\n                                    <span class=\"heading-sub-title\">DORADZTWO<\/span>\n                                        <h4 class=\"heading-title\">Wsp\u00f3lna misja dla rolnictwa przysz\u0142o\u015bci<\/h4>\n                                                \t<\/div>\n<\/div>\n<div class=\"vc_empty_space\"   style=\"height: 32px\"><span class=\"vc_empty_space_inner\"><\/span><\/div>\n\t<div class=\"wpb_text_column wpb_content_element\" >\n\t\t<div class=\"wpb_wrapper\">\n\t\t\t<p style=\"text-align: center;\">Celem naszego przedsi\u0119wzi\u0119cia jest<br \/>\nbudowanie konkurencyjno\u015bci polskiej gospodarki<br \/>\nw skali \u015bwiatowej.<\/p>\n<p style=\"text-align: center;\">Doradzamy aby nasze gospodarstwa stawa\u0142y si\u0119<br \/>\ncoraz lepsze i przynosi\u0142y wi\u0119ksze zyski.<\/p>\n<p style=\"text-align: center;\">To wszystko jest mo\u017cliwe dzi\u0119ki<br \/>\nrozwi\u0105zaniom Rolnictwa 4.0, automatyzacji proces\u00f3w produkcyjnych oraz<br \/>\ncyfryzacji gospodarstwa rolnych.<\/p>\n\n\t\t<\/div>\n\t<\/div>\n<\/div><\/div><\/div>\t\t\t\t\t\t\t<\/div>\n\t\t\t\n\t\t<\/div>\n\t\t<div class=\"vc_row wpb_row vc_row-fluid\">\n            \t\t\t\t\t\t\t<div class=\"gf-container container\">\n\t\t\t\t\t\t\t\t<div class=\"gsf-contact-form wpb_column vc_column_container vc_col-sm-12\"><div class=\"vc_column-inner\"><div class=\"wpb_wrapper\"><div class=\"g5plus-space space-69e178a2e70de\" data-id=\"69e178a2e70de\" data-tablet=\"50\" data-tablet-portrait=\"40\" data-mobile=\"30\" data-mobile-landscape=\"30\" style=\"clear: both; display: block; height: 58px\"><\/div><div class=\"gf-heading gf-heading-style-04 text-center\">\n\t<div class=\"gf-heading-inner gf-heading-69e178a2e72b2\">\n                                    <h4 class=\"heading-title\">Contact Us<\/h4>\n                                        <span class=\"heading-sub-title\">Elastyczne mo\u017cliwo\u015bci pracy z do\u015bwiadczonym zespo\u0142em<\/span>\n                    \t<\/div>\n<\/div>\n<div class=\"vc_empty_space\"   style=\"height: 48px\"><span class=\"vc_empty_space_inner\"><\/span><\/div>\n<div class=\"wpcf7 no-js\" id=\"wpcf7-f4684-o1\" lang=\"pl-PL\" dir=\"ltr\" data-wpcf7-id=\"4684\">\n<div class=\"screen-reader-response\"><p role=\"status\" aria-live=\"polite\" aria-atomic=\"true\"><\/p> <ul><\/ul><\/div>\n<form action=\"\/en\/wp-json\/wp\/v2\/pages\/4837#wpcf7-f4684-o1\" method=\"post\" class=\"wpcf7-form init\" aria-label=\"Contact Form\" novalidate=\"novalidate\" data-status=\"init\" data-trp-original-action=\"\/en\/wp-json\/wp\/v2\/pages\/4837#wpcf7-f4684-o1\">\n<fieldset class=\"hidden-fields-container\"><input type=\"hidden\" name=\"_wpcf7\" value=\"4684\" \/><input type=\"hidden\" name=\"_wpcf7_version\" value=\"6.1.5\" \/><input type=\"hidden\" name=\"_wpcf7_locale\" value=\"pl_PL\" \/><input type=\"hidden\" name=\"_wpcf7_unit_tag\" value=\"wpcf7-f4684-o1\" \/><input type=\"hidden\" name=\"_wpcf7_container_post\" value=\"0\" \/><input type=\"hidden\" name=\"_wpcf7_posted_data_hash\" value=\"\" \/>\n<\/fieldset>\n<div class=\"row\">\n\t<div class=\"col-md-4 mg-bottom-40\">\n\t\t<p><span class=\"wpcf7-form-control-wrap\" data-name=\"your-name\"><input size=\"40\" maxlength=\"400\" class=\"wpcf7-form-control wpcf7-text wpcf7-validates-as-required\" aria-required=\"true\" aria-invalid=\"false\" placeholder=\"Name and Surname\" value=\"\" type=\"text\" name=\"your-name\" \/><\/span>\n\t\t<\/p>\n\t<\/div>\n\t<div class=\"col-md-4 mg-bottom-40\">\n\t\t<p><span class=\"wpcf7-form-control-wrap\" data-name=\"your-email\"><input size=\"40\" maxlength=\"400\" class=\"wpcf7-form-control wpcf7-email wpcf7-validates-as-required wpcf7-text wpcf7-validates-as-email\" aria-required=\"true\" aria-invalid=\"false\" placeholder=\"E-mail\" value=\"\" type=\"email\" name=\"your-email\" \/><\/span>\n\t\t<\/p>\n\t<\/div>\n\t<div class=\"col-md-4 mg-bottom-40\">\n\t\t<p><span class=\"wpcf7-form-control-wrap\" data-name=\"your-subject\"><input size=\"40\" maxlength=\"400\" class=\"wpcf7-form-control wpcf7-text\" aria-invalid=\"false\" placeholder=\"Topic\" value=\"\" type=\"text\" name=\"your-subject\" \/><\/span>\n\t\t<\/p>\n\t<\/div>\n\t<div class=\"col-md-12 mg-bottom-25\">\n\t\t<p><span class=\"wpcf7-form-control-wrap\" data-name=\"your-message\"><textarea cols=\"40\" rows=\"10\" maxlength=\"2000\" class=\"wpcf7-form-control wpcf7-textarea\" aria-invalid=\"false\" placeholder=\"Message\" name=\"your-message\"><\/textarea><\/span>\n\t\t<\/p>\n\t<\/div>\n<\/div>\n<p><button type =\"submit\" class=\"btn btn-accent btn-classic btn-rounded btn-md btn-icon btn-icon-right\">Submit the message<i class=\"flaticon-right-arrow-1\"><\/i><\/button>\n<\/p><div class=\"wpcf7-response-output\" aria-hidden=\"true\"><\/div>\n<input type=\"hidden\" name=\"trp-form-language\" value=\"en\"\/><\/form>\n<\/div>\n<\/div><\/div><\/div>\t\t\t\t\t\t\t<\/div>\n\t\t\t\n\t\t<\/div>","protected":false},"excerpt":{"rendered":"HUGO Konsulting Wiemy jak rozwi\u0105za\u0107 wyzwania w Twoim gospodarstwie! HUGO Konsulting prowadzi doradztwo w szerokim tego s\u0142owa zakresie, pomagamy w wyborze technologii, analizujemy gospodarstwa, przeprowadzamy audyt, pomo\u017cemy wdro\u017cy\u0107 system zarz\u0105dzania gospodarstwem, dzi\u0119ki wsp\u00f3\u0142pracy z Uniwersytetem Rolniczym z Krakowa posiadamy bardzo merytoryczn\u0105 kadr\u0119 szkoleniow\u0105. Dzi\u0119ki wsp\u00f3\u0142pracy z ekspertami z bogatym do\u015bwiadczeniem, \u015bwiadczymy kompleksow\u0105 pomoc w szerokim [...]","protected":false},"author":1,"featured_media":0,"parent":0,"menu_order":0,"comment_status":"closed","ping_status":"closed","template":"","meta":{"footnotes":""},"class_list":["post-4837","page","type-page","status-publish","hentry"],"_links":{"self":[{"href":"https:\/\/hugogreen.pl\/en\/wp-json\/wp\/v2\/pages\/4837","targetHints":{"allow":["GET"]}}],"collection":[{"href":"https:\/\/hugogreen.pl\/en\/wp-json\/wp\/v2\/pages"}],"about":[{"href":"https:\/\/hugogreen.pl\/en\/wp-json\/wp\/v2\/types\/page"}],"author":[{"embeddable":true,"href":"https:\/\/hugogreen.pl\/en\/wp-json\/wp\/v2\/users\/1"}],"replies":[{"embeddable":true,"href":"https:\/\/hugogreen.pl\/en\/wp-json\/wp\/v2\/comments?post=4837"}],"version-history":[{"count":29,"href":"https:\/\/hugogreen.pl\/en\/wp-json\/wp\/v2\/pages\/4837\/revisions"}],"predecessor-version":[{"id":4956,"href":"https:\/\/hugogreen.pl\/en\/wp-json\/wp\/v2\/pages\/4837\/revisions\/4956"}],"wp:attachment":[{"href":"https:\/\/hugogreen.pl\/en\/wp-json\/wp\/v2\/media?parent=4837"}],"curies":[{"name":"wp","href":"https:\/\/api.w.org\/{rel}","templated":true}]}}