{"id":4836,"date":"2021-07-23T08:15:26","date_gmt":"2021-07-23T06:15:26","guid":{"rendered":"https:\/\/hugogreen.pl\/?page_id=4836"},"modified":"2021-12-15T20:51:09","modified_gmt":"2021-12-15T19:51:09","slug":"hugo-lab","status":"publish","type":"page","link":"https:\/\/hugogreen.pl\/en\/hugo-lab\/","title":{"rendered":"Hugo Lab"},"content":{"rendered":"<div class=\"vc_row wpb_row vc_row-fluid\">\n            \t\t\t\t\t\t\t<div class=\"gf-container container\">\n\t\t\t\t\t\t\t\t<div class=\"wpb_column vc_column_container vc_col-sm-12\"><div class=\"vc_column-inner\"><div class=\"wpb_wrapper\"><div class=\"g5plus-space space-69e177b10dec1\" data-id=\"69e177b10dec1\" data-tablet=\"70\" data-tablet-portrait=\"60\" data-mobile=\"40\" data-mobile-landscape=\"50\" style=\"clear: both; display: block; height: 150px\"><\/div><\/div><\/div><\/div>\t\t\t\t\t\t\t<\/div>\n\t\t\t\n\t\t<\/div>\n\t\t<div class=\"vc_row wpb_row vc_row-fluid\">\n            \t\t\t\t\t\t\t<div class=\"gf-container container\">\n\t\t\t\t\t\t\t\t<div class=\"wpb_column vc_column_container vc_col-sm-12\"><div class=\"vc_column-inner\"><div class=\"wpb_wrapper\"><div class=\"gf-heading gf-heading-style-02 text-center\">\n\t<div class=\"gf-heading-inner gf-heading-69e177b10e85f\">\n                                                <h4 class=\"heading-title\">Hugo Lab<\/h4>\n                                                \t<\/div>\n<\/div>\n<\/div><\/div><\/div>\t\t\t\t\t\t\t<\/div>\n\t\t\t\n\t\t<\/div>\n\t\t<div class=\"vc_row wpb_row vc_row-fluid\">\n            \t\t\t\t\t\t\t<div class=\"gf-container container\">\n\t\t\t\t\t\t\t\t<div class=\"wpb_column vc_column_container vc_col-sm-12\"><div class=\"vc_column-inner\"><div class=\"wpb_wrapper\"><div class=\"vc_empty_space\"   style=\"height: 32px\"><span class=\"vc_empty_space_inner\"><\/span><\/div><\/div><\/div><\/div>\t\t\t\t\t\t\t<\/div>\n\t\t\t\n\t\t<\/div>\n\t\t<div class=\"vc_row wpb_row vc_row-fluid\">\n            \t\t\t\t\t\t\t<div class=\"gf-container container\">\n\t\t\t\t\t\t\t\t<div class=\"wpb_column vc_column_container vc_col-sm-12\"><div class=\"vc_column-inner\"><div class=\"wpb_wrapper\"><\/div><\/div><\/div>\t\t\t\t\t\t\t<\/div>\n\t\t\t\n\t\t<\/div>\n\t\t<div class=\"vc_row wpb_row vc_row-fluid\">\n            \t\t\t\t\t\t\t<div class=\"gf-container container\">\n\t\t\t\t\t\t\t\t<div class=\"wpb_column vc_column_container vc_col-sm-12\"><div class=\"vc_column-inner\"><div class=\"wpb_wrapper\"><div class=\"gf-heading gf-heading-style-01 text-center\">\n\t<div class=\"gf-heading-inner gf-heading-69e177b1101f9\">\n                                    <span class=\"heading-sub-title\">ESSENTIAL SERVICE FOR FARMERS AND GARDENERS<\/span>\n                                        <h4 class=\"heading-title\">SOIL ANALYSIS<\/h4>\n                                                        <div class=\"heading-description\">\n                    <p>Tool Kit for soil sampling on your own.<\/p>\n                <\/div>\n                    \t<\/div>\n<\/div>\n<div class=\"vc_empty_space\"   style=\"height: 32px\"><span class=\"vc_empty_space_inner\"><\/span><\/div>\n\t<div  class=\"wpb_single_image wpb_content_element vc_align_center\">\n\t\t\n\t\t<figure class=\"wpb_wrapper vc_figure\">\n\t\t\t<div class=\"vc_single_image-wrapper   vc_box_border_grey\"><img loading=\"lazy\" decoding=\"async\" width=\"1024\" height=\"682\" src=\"https:\/\/hugogreen.pl\/wp-content\/uploads\/2021\/07\/pexels-alejandro-barron-96715-1024x682.jpg\" class=\"vc_single_image-img attachment-large\" alt=\"\" srcset=\"https:\/\/hugogreen.pl\/wp-content\/uploads\/2021\/07\/pexels-alejandro-barron-96715-1024x682.jpg 1024w, https:\/\/hugogreen.pl\/wp-content\/uploads\/2021\/07\/pexels-alejandro-barron-96715-300x200.jpg 300w, https:\/\/hugogreen.pl\/wp-content\/uploads\/2021\/07\/pexels-alejandro-barron-96715-768x512.jpg 768w, https:\/\/hugogreen.pl\/wp-content\/uploads\/2021\/07\/pexels-alejandro-barron-96715-16x12.jpg 16w, https:\/\/hugogreen.pl\/wp-content\/uploads\/2021\/07\/pexels-alejandro-barron-96715.jpg 1280w\" sizes=\"auto, (max-width: 1024px) 100vw, 1024px\" \/><\/div>\n\t\t<\/figure>\n\t<\/div>\n<\/div><\/div><\/div>\t\t\t\t\t\t\t<\/div>\n\t\t\t\n\t\t<\/div>\n\t\t<div class=\"vc_row wpb_row vc_row-fluid\">\n            \t\t\t\t\t\t\t<div class=\"gf-container container\">\n\t\t\t\t\t\t\t\t<div class=\"wpb_column vc_column_container vc_col-sm-12\"><div class=\"vc_column-inner\"><div class=\"wpb_wrapper\"><\/div><\/div><\/div>\t\t\t\t\t\t\t<\/div>\n\t\t\t\n\t\t<\/div>\n\t\t<div class=\"vc_row wpb_row vc_row-fluid\">\n            \t\t\t\t\t\t\t<div class=\"gf-container container\">\n\t\t\t\t\t\t\t\t<div class=\"wpb_column vc_column_container vc_col-sm-12\"><div class=\"vc_column-inner\"><div class=\"wpb_wrapper\"><div class=\"vc_separator wpb_content_element vc_separator_align_center vc_sep_width_100 vc_sep_pos_align_center vc_separator_no_text vc_sep_color_grey\" ><span class=\"vc_sep_holder vc_sep_holder_l\"><span  class=\"vc_sep_line\"><\/span><\/span><span class=\"vc_sep_holder vc_sep_holder_r\"><span  class=\"vc_sep_line\"><\/span><\/span>\n<\/div><div class=\"gf-heading gf-heading-style-01 text-center\">\n\t<div class=\"gf-heading-inner gf-heading-69e177b11d2ba\">\n                                                <h4 class=\"heading-title\">BENEFITS OF SOIL SAMPLES ANALYSIS<\/h4>\n                                                \t<\/div>\n<\/div>\n<div class=\"gsf-border-container fs-0 text-center\">\n    <span class=\"gsf-border-inner display-inline-block gsf-border-5443\"><\/span>\n<\/div>\n\t<div  class=\"wpb_single_image wpb_content_element vc_align_center\">\n\t\t\n\t\t<figure class=\"wpb_wrapper vc_figure\">\n\t\t\t<div class=\"vc_single_image-wrapper   vc_box_border_grey\"><img loading=\"lazy\" decoding=\"async\" width=\"1024\" height=\"767\" src=\"https:\/\/hugogreen.pl\/wp-content\/uploads\/2021\/07\/DJI_0770-1024x767.jpg\" class=\"vc_single_image-img attachment-large\" alt=\"\" srcset=\"https:\/\/hugogreen.pl\/wp-content\/uploads\/2021\/07\/DJI_0770-1024x767.jpg 1024w, https:\/\/hugogreen.pl\/wp-content\/uploads\/2021\/07\/DJI_0770-300x225.jpg 300w, https:\/\/hugogreen.pl\/wp-content\/uploads\/2021\/07\/DJI_0770-768x575.jpg 768w, https:\/\/hugogreen.pl\/wp-content\/uploads\/2021\/07\/DJI_0770-1536x1151.jpg 1536w, https:\/\/hugogreen.pl\/wp-content\/uploads\/2021\/07\/DJI_0770-2048x1534.jpg 2048w\" sizes=\"auto, (max-width: 1024px) 100vw, 1024px\" \/><\/div>\n\t\t<\/figure>\n\t<\/div>\n<div class=\"vc_row wpb_row vc_inner vc_row-fluid\"><div class=\"wpb_column vc_column_container vc_col-sm-2\"><div class=\"vc_column-inner\"><div class=\"wpb_wrapper\"><\/div><\/div><\/div><div class=\"wpb_column vc_column_container vc_col-sm-8\"><div class=\"vc_column-inner\"><div class=\"wpb_wrapper\">\n\t<div class=\"wpb_text_column wpb_content_element\" >\n\t\t<div class=\"wpb_wrapper\">\n\t\t\t<ul>\n<li>Use right ammount of fertilizers.<\/li>\n<li>You can make pre-sowing fertilization.<\/li>\n<li>Better field diagnostics can improve yields.<\/li>\n<\/ul>\n\n\t\t<\/div>\n\t<\/div>\n<\/div><\/div><\/div><div class=\"wpb_column vc_column_container vc_col-sm-2\"><div class=\"vc_column-inner\"><div class=\"wpb_wrapper\"><\/div><\/div><\/div><\/div><\/div><\/div><\/div>\t\t\t\t\t\t\t<\/div>\n\t\t\t\n\t\t<\/div>\n\t\t<div class=\"vc_row wpb_row vc_row-fluid\">\n            \t\t\t\t\t\t\t<div class=\"gf-container container\">\n\t\t\t\t\t\t\t\t<div class=\"wpb_column vc_column_container vc_col-sm-12\"><div class=\"vc_column-inner\"><div class=\"wpb_wrapper\"><div class=\"gf-heading gf-heading-style-03 text-center\">\n\t<div class=\"gf-heading-inner gf-heading-69e177b11f206\">\n                                    <span class=\"heading-sub-title\">3 SIMPLE STEPS<\/span>\n                                        <h4 class=\"heading-title\">HOW TO SOIL SAMPLING?<\/h4>\n                                                        <div class=\"heading-description\">\n                    <ol>\n<li style=\"text-align: left;\">Take soil samples according to the scheme.<\/li>\n<li style=\"text-align: left;\">Mix samples and take laboratory sample with a weight of 200 grams.<br \/>\nlaboratoryjn\u0105 o masie 200 g.<\/li>\n<li style=\"text-align: left;\">Put samples in the ziplock bag and send us to our office for analysis.<\/li>\n<\/ol>\n                <\/div>\n                    \t<\/div>\n<\/div>\n<div class=\"vc_empty_space\"   style=\"height: 32px\"><span class=\"vc_empty_space_inner\"><\/span><\/div><\/div><\/div><\/div>\t\t\t\t\t\t\t<\/div>\n\t\t\t\n\t\t<\/div>\n\t\t<div class=\"vc_row wpb_row vc_row-fluid\">\n            \t\t\t\t\t\t\t<div class=\"gf-container container\">\n\t\t\t\t\t\t\t\t<div class=\"wpb_column vc_column_container vc_col-sm-12\"><div class=\"vc_column-inner\"><div class=\"wpb_wrapper\">\n\t<div  class=\"wpb_single_image wpb_content_element vc_align_center\">\n\t\t\n\t\t<figure class=\"wpb_wrapper vc_figure\">\n\t\t\t<div class=\"vc_single_image-wrapper   vc_box_border_grey\"><img loading=\"lazy\" decoding=\"async\" width=\"487\" height=\"383\" src=\"https:\/\/hugogreen.pl\/wp-content\/uploads\/2021\/11\/hugo-lab-probki-gleby.png\" class=\"vc_single_image-img attachment-large\" alt=\"\" srcset=\"https:\/\/hugogreen.pl\/wp-content\/uploads\/2021\/11\/hugo-lab-probki-gleby.png 487w, https:\/\/hugogreen.pl\/wp-content\/uploads\/2021\/11\/hugo-lab-probki-gleby-300x236.png 300w, https:\/\/hugogreen.pl\/wp-content\/uploads\/2021\/11\/hugo-lab-probki-gleby-16x12.png 16w\" sizes=\"auto, (max-width: 487px) 100vw, 487px\" \/><\/div>\n\t\t<\/figure>\n\t<\/div>\n<\/div><\/div><\/div>\t\t\t\t\t\t\t<\/div>\n\t\t\t\n\t\t<\/div>\n\t\t<div class=\"vc_row wpb_row vc_row-fluid\">\n            \t\t\t\t\t\t\t<div class=\"gf-container container\">\n\t\t\t\t\t\t\t\t<div class=\"wpb_column vc_column_container vc_col-sm-12\"><div class=\"vc_column-inner\"><div class=\"wpb_wrapper\"><div class=\"gf-heading gf-heading-style-01 text-center\">\n\t<div class=\"gf-heading-inner gf-heading-69e177b120477\">\n                                    <span class=\"heading-sub-title\">TAILOR MADE SERVICE<\/span>\n                                        <h4 class=\"heading-title\">PRICING<\/h4>\n                                                \t<\/div>\n<\/div>\n<div class=\"vc_row wpb_row vc_inner vc_row-fluid vc_row-o-content-middle vc_row-flex\"><div class=\"wpb_column vc_column_container vc_col-sm-12\"><div class=\"vc_column-inner vc_custom_1637133746884\"><div class=\"wpb_wrapper\">\n\t<div class=\"wpb_text_column wpb_content_element\" >\n\t\t<div class=\"wpb_wrapper\">\n\t\t\t<table class=\"aligncenter\" style=\"height: 1357px;\" width=\"100%\">\n<tbody>\n<tr>\n<td width=\"20%\">\n<p style=\"text-align: center;\"><strong>Version<\/strong><\/p>\n<\/td>\n<td style=\"text-align: center;\" width=\"20%\"><strong>Price<\/strong><\/td>\n<td width=\"100%\">\n<p style=\"text-align: center;\"><strong>Analysis set<\/strong><\/p>\n<\/td>\n<\/tr>\n<tr>\n<td width=\"20%\">\n<p style=\"text-align: center;\">Green<\/p>\n<\/td>\n<td width=\"20%\">\n<p style=\"text-align: center;\">PLN<\/p>\n<\/td>\n<td width=\"100%\">\n<ul>\n<li>pH w <span class=\"chemf nowrap\">H<sub>2<\/sub>O i pH w KCl<\/span><\/li>\n<li>zawarto\u015b\u0107 przyswajalnych form sk\u0142adnik\u00f3w P i K<\/li>\n<li>zawarto\u015b\u0107 przyswajalnych mikroelement\u00f3w<\/li>\n<\/ul>\n<\/td>\n<\/tr>\n<tr>\n<td width=\"20%\">\n<p style=\"text-align: center;\">Blue<\/p>\n<\/td>\n<td width=\"20%\">\n<p style=\"text-align: center;\">PLN<\/p>\n<\/td>\n<td width=\"100%\">\n<ul>\n<li>pH w <span class=\"chemf nowrap\">H<sub>2<\/sub>O i pH w KCl<\/span><\/li>\n<li>zawarto\u015b\u0107 przyswajalnych form sk\u0142adnik\u00f3w P i K<\/li>\n<li>zawarto\u015b\u0107 przyswajalnych mikroelement\u00f3w<\/li>\n<\/ul>\n<\/td>\n<\/tr>\n<tr>\n<td width=\"20%\">\n<p style=\"text-align: center;\">Purple<\/p>\n<\/td>\n<td width=\"20%\">\n<p style=\"text-align: center;\">PLN<\/p>\n<\/td>\n<td width=\"100%\">\n<ul>\n<li>pH w <span class=\"chemf nowrap\">H<sub>2<\/sub>O i pH w KCl<\/span><\/li>\n<li>zawarto\u015b\u0107 przyswajalnych form sk\u0142adnik\u00f3w P i K<\/li>\n<li>zawarto\u015b\u0107 przyswajalnych mikroelement\u00f3w<\/li>\n<li>sk\u0142ad granulometryczny<\/li>\n<li>zawarto\u015b\u0107 materii organicznej<\/li>\n<li>zawarto\u015b\u0107 metali ci\u0119\u017ckich<\/li>\n<\/ul>\n<\/td>\n<\/tr>\n<tr>\n<td width=\"20%\">\n<p style=\"text-align: center;\">Red<\/p>\n<\/td>\n<td width=\"20%\">\n<p style=\"text-align: center;\">PLN<\/p>\n<\/td>\n<td width=\"100%\">\n<ul>\n<li>pH w <span class=\"chemf nowrap\">H<sub>2<\/sub>O i pH w KCl<\/span><\/li>\n<li>zawarto\u015b\u0107 przyswajalnych form sk\u0142adnik\u00f3w P i K<\/li>\n<li>zawarto\u015b\u0107 przyswajalnych mikroelement\u00f3w<\/li>\n<li>sk\u0142ad granulometryczny<\/li>\n<li>zawarto\u015b\u0107 materii organicznej<\/li>\n<li>zawarto\u015b\u0107 metali ci\u0119\u017ckich<\/li>\n<\/ul>\n<\/td>\n<\/tr>\n<\/tbody>\n<\/table>\n\n\t\t<\/div>\n\t<\/div>\n<\/div><\/div><\/div><\/div><\/div><\/div><\/div>\t\t\t\t\t\t\t<\/div>\n\t\t\t\n\t\t<\/div>\n\t\t<div class=\"vc_row wpb_row vc_row-fluid\">\n            \t\t\t\t\t\t\t<div class=\"gf-container container\">\n\t\t\t\t\t\t\t\t<div class=\"wpb_column vc_column_container vc_col-sm-12\"><div class=\"vc_column-inner\"><div class=\"wpb_wrapper\"><div class=\"gf-heading gf-heading-style-01 text-center\">\n\t<div class=\"gf-heading-inner gf-heading-69e177b1211e7\">\n                                    <span class=\"heading-sub-title\">QUICK RESULTS<\/span>\n                                        <h4 class=\"heading-title\">COMPLEX ANALYSIS<\/h4>\n                                                \t<\/div>\n<\/div>\n<\/div><\/div><\/div>\t\t\t\t\t\t\t<\/div>\n\t\t\t\n\t\t<\/div>\n\t\t<div class=\"vc_row wpb_row vc_row-fluid\">\n            \t\t\t\t\t\t\t<div class=\"gf-container container\">\n\t\t\t\t\t\t\t\t<div class=\"wpb_column vc_column_container vc_col-sm-12\"><div class=\"vc_column-inner\"><div class=\"wpb_wrapper\">\n\t<div class=\"wpb_text_column wpb_content_element\" >\n\t\t<div class=\"wpb_wrapper\">\n\t\t\t<p style=\"text-align: center;\">Results with recommendations are sent to the email.<\/p>\n\n\t\t<\/div>\n\t<\/div>\n<div class=\"vc_empty_space\"   style=\"height: 32px\"><span class=\"vc_empty_space_inner\"><\/span><\/div><\/div><\/div><\/div>\t\t\t\t\t\t\t<\/div>\n\t\t\t\n\t\t<\/div>\n\t\t<div class=\"vc_row wpb_row vc_row-fluid\">\n            \t\t\t\t\t\t\t<div class=\"gf-container container\">\n\t\t\t\t\t\t\t\t<div class=\"wpb_column vc_column_container vc_col-sm-12\"><div class=\"vc_column-inner\"><div class=\"wpb_wrapper\">\n\t<div  class=\"wpb_single_image wpb_content_element vc_align_center\">\n\t\t\n\t\t<figure class=\"wpb_wrapper vc_figure\">\n\t\t\t<div class=\"vc_single_image-wrapper   vc_box_border_grey\"><img loading=\"lazy\" decoding=\"async\" width=\"1024\" height=\"576\" src=\"https:\/\/hugogreen.pl\/wp-content\/uploads\/2021\/06\/Rolnictwo-1-1024x576.jpg\" class=\"vc_single_image-img attachment-large\" alt=\"\" srcset=\"https:\/\/hugogreen.pl\/wp-content\/uploads\/2021\/06\/Rolnictwo-1-1024x576.jpg 1024w, https:\/\/hugogreen.pl\/wp-content\/uploads\/2021\/06\/Rolnictwo-1-300x169.jpg 300w, https:\/\/hugogreen.pl\/wp-content\/uploads\/2021\/06\/Rolnictwo-1-768x432.jpg 768w, https:\/\/hugogreen.pl\/wp-content\/uploads\/2021\/06\/Rolnictwo-1-1536x864.jpg 1536w, https:\/\/hugogreen.pl\/wp-content\/uploads\/2021\/06\/Rolnictwo-1.jpg 1920w\" sizes=\"auto, (max-width: 1024px) 100vw, 1024px\" \/><\/div>\n\t\t<\/figure>\n\t<\/div>\n<\/div><\/div><\/div>\t\t\t\t\t\t\t<\/div>\n\t\t\t\n\t\t<\/div>\n\t\t<div class=\"vc_row wpb_row vc_row-fluid\">\n            \t\t\t\t\t\t\t<div class=\"gf-container container\">\n\t\t\t\t\t\t\t\t<div class=\"wpb_column vc_column_container vc_col-sm-12\"><div class=\"vc_column-inner\"><div class=\"wpb_wrapper\"><div class=\"vc_empty_space\"   style=\"height: 64px\"><span class=\"vc_empty_space_inner\"><\/span><\/div><div class=\"gf-heading gf-heading-style-01 text-center\">\n\t<div class=\"gf-heading-inner gf-heading-69e177b122cc4\">\n                                                <h4 class=\"heading-title\">SOIL ANALYSIS - TERMS OF THE SERVICES<\/h4>\n                                                        <div class=\"heading-description\">\n                    <p><a href=\"https:\/\/hugogreen.pl\/en\/hugo-lab-regulamin\/\">Here you can find Terms of the Services. <\/a><\/p>\n                <\/div>\n                    \t<\/div>\n<\/div>\n<div class=\"vc_empty_space\"   style=\"height: 128px\"><span class=\"vc_empty_space_inner\"><\/span><\/div><div class=\"gf-heading gf-heading-style-01 text-center\">\n\t<div class=\"gf-heading-inner gf-heading-69e177b123184\">\n                                    <span class=\"heading-sub-title\">CONTACT US<\/span>\n                                        <h4 class=\"heading-title\">QUESTIONS?<\/h4>\n                                                \t<\/div>\n<\/div>\n<\/div><\/div><\/div>\t\t\t\t\t\t\t<\/div>\n\t\t\t\n\t\t<\/div>\n\t\t<div class=\"vc_row wpb_row vc_row-fluid\">\n            \t\t\t\t\t\t\t<div class=\"gf-container container\">\n\t\t\t\t\t\t\t\t<div class=\"wpb_column vc_column_container vc_col-sm-6\"><div class=\"vc_column-inner\"><div class=\"wpb_wrapper\"><div class=\"vc_row wpb_row vc_inner vc_row-fluid\"><div class=\"wpb_column vc_column_container vc_col-sm-12\"><div class=\"vc_column-inner\"><div class=\"wpb_wrapper\">\n\t<div class=\"wpb_text_column wpb_content_element\" >\n\t\t<div class=\"wpb_wrapper\">\n\t\t\t<p style=\"text-align: center;\"><strong>Email<\/strong><\/p>\n<p style=\"text-align: center;\">biuro@hugogreen.pl<\/p>\n\n\t\t<\/div>\n\t<\/div>\n<\/div><\/div><\/div><\/div><div class=\"vc_row wpb_row vc_inner vc_row-fluid\"><div class=\"wpb_column vc_column_container vc_col-sm-12\"><div class=\"vc_column-inner\"><div class=\"wpb_wrapper\"><\/div><\/div><\/div><\/div><\/div><\/div><\/div><div class=\"wpb_column vc_column_container vc_col-sm-6\"><div class=\"vc_column-inner\"><div class=\"wpb_wrapper\"><div class=\"vc_row wpb_row vc_inner vc_row-fluid\"><div class=\"wpb_column vc_column_container vc_col-sm-12\"><div class=\"vc_column-inner\"><div class=\"wpb_wrapper\">\n\t<div class=\"wpb_text_column wpb_content_element\" >\n\t\t<div class=\"wpb_wrapper\">\n\t\t\t<p style=\"text-align: center;\"><strong>Mobile<\/strong><\/p>\n<p style=\"text-align: center;\">+48 509 014 714<\/p>\n\n\t\t<\/div>\n\t<\/div>\n<\/div><\/div><\/div><\/div><\/div><\/div><\/div>\t\t\t\t\t\t\t<\/div>\n\t\t\t\n\t\t<\/div>\n\t\t<div class=\"vc_row wpb_row vc_row-fluid\">\n            \t\t\t\t\t\t\t<div class=\"gf-container container\">\n\t\t\t\t\t\t\t\t<div class=\"wpb_column vc_column_container vc_col-sm-12\"><div class=\"vc_column-inner\"><div class=\"wpb_wrapper\"><\/div><\/div><\/div>\t\t\t\t\t\t\t<\/div>\n\t\t\t\n\t\t<\/div>\n\t\t<div class=\"vc_row wpb_row vc_row-fluid\">\n            \t\t\t\t\t\t\t<div class=\"gf-container container\">\n\t\t\t\t\t\t\t\t<div class=\"wpb_column vc_column_container vc_col-sm-3\"><div class=\"vc_column-inner\"><div class=\"wpb_wrapper\"><\/div><\/div><\/div><div class=\"wpb_column vc_column_container vc_col-sm-6\"><div class=\"vc_column-inner\"><div class=\"wpb_wrapper\">\n<div class=\"wpcf7 no-js\" id=\"wpcf7-f4684-o1\" lang=\"pl-PL\" dir=\"ltr\" data-wpcf7-id=\"4684\">\n<div class=\"screen-reader-response\"><p role=\"status\" aria-live=\"polite\" aria-atomic=\"true\"><\/p> <ul><\/ul><\/div>\n<form action=\"\/en\/wp-json\/wp\/v2\/pages\/4836#wpcf7-f4684-o1\" method=\"post\" class=\"wpcf7-form init\" aria-label=\"Contact Form\" novalidate=\"novalidate\" data-status=\"init\" data-trp-original-action=\"\/en\/wp-json\/wp\/v2\/pages\/4836#wpcf7-f4684-o1\">\n<fieldset class=\"hidden-fields-container\"><input type=\"hidden\" name=\"_wpcf7\" value=\"4684\" \/><input type=\"hidden\" name=\"_wpcf7_version\" value=\"6.1.5\" \/><input type=\"hidden\" name=\"_wpcf7_locale\" value=\"pl_PL\" \/><input type=\"hidden\" name=\"_wpcf7_unit_tag\" value=\"wpcf7-f4684-o1\" \/><input type=\"hidden\" name=\"_wpcf7_container_post\" value=\"0\" \/><input type=\"hidden\" name=\"_wpcf7_posted_data_hash\" value=\"\" \/>\n<\/fieldset>\n<div class=\"row\">\n\t<div class=\"col-md-4 mg-bottom-40\">\n\t\t<p><span class=\"wpcf7-form-control-wrap\" data-name=\"your-name\"><input size=\"40\" maxlength=\"400\" class=\"wpcf7-form-control wpcf7-text wpcf7-validates-as-required\" aria-required=\"true\" aria-invalid=\"false\" placeholder=\"Name and Surname\" value=\"\" type=\"text\" name=\"your-name\" \/><\/span>\n\t\t<\/p>\n\t<\/div>\n\t<div class=\"col-md-4 mg-bottom-40\">\n\t\t<p><span class=\"wpcf7-form-control-wrap\" data-name=\"your-email\"><input size=\"40\" maxlength=\"400\" class=\"wpcf7-form-control wpcf7-email wpcf7-validates-as-required wpcf7-text wpcf7-validates-as-email\" aria-required=\"true\" aria-invalid=\"false\" placeholder=\"E-mail\" value=\"\" type=\"email\" name=\"your-email\" \/><\/span>\n\t\t<\/p>\n\t<\/div>\n\t<div class=\"col-md-4 mg-bottom-40\">\n\t\t<p><span class=\"wpcf7-form-control-wrap\" data-name=\"your-subject\"><input size=\"40\" maxlength=\"400\" class=\"wpcf7-form-control wpcf7-text\" aria-invalid=\"false\" placeholder=\"Topic\" value=\"\" type=\"text\" name=\"your-subject\" \/><\/span>\n\t\t<\/p>\n\t<\/div>\n\t<div class=\"col-md-12 mg-bottom-25\">\n\t\t<p><span class=\"wpcf7-form-control-wrap\" data-name=\"your-message\"><textarea cols=\"40\" rows=\"10\" maxlength=\"2000\" class=\"wpcf7-form-control wpcf7-textarea\" aria-invalid=\"false\" placeholder=\"Message\" name=\"your-message\"><\/textarea><\/span>\n\t\t<\/p>\n\t<\/div>\n<\/div>\n<p><button type =\"submit\" class=\"btn btn-accent btn-classic btn-rounded btn-md btn-icon btn-icon-right\">Submit the message<i class=\"flaticon-right-arrow-1\"><\/i><\/button>\n<\/p><div class=\"wpcf7-response-output\" aria-hidden=\"true\"><\/div>\n<input type=\"hidden\" name=\"trp-form-language\" value=\"en\"\/><\/form>\n<\/div>\n<\/div><\/div><\/div><div class=\"wpb_column vc_column_container vc_col-sm-3\"><div class=\"vc_column-inner\"><div class=\"wpb_wrapper\"><\/div><\/div><\/div>\t\t\t\t\t\t\t<\/div>\n\t\t\t\n\t\t<\/div>","protected":false},"excerpt":{"rendered":"Hugo Lab NIEZB\u0118DNIK ROLNIKA I OGRODNIKA BADANIE GLEBY Poznaj nasz zestaw do samodzielnego poboru pr\u00f3b glebowych. DLACZEGO WARTO WYKONYWA\u0106 BADANIE GLEBY? Analiza pr\u00f3b glebowych pozwala na ustalenie w\u0142a\u015bciwych dawek nawoz\u00f3w Analiza umo\u017cliwia dostosowa\u0107 nawo\u017cenie przedsiewne Wykonywana diagnostyka gleby pozwala osi\u0105ga\u0107 wy\u017csze plony 3 PROSTE KROKI JAK POBRA\u0106 PR\u00d3BK\u0118 GLEBY? Pobierz pr\u00f3bki gleby z odpowiedniej g\u0142\u0119boko\u015bci [...]","protected":false},"author":1,"featured_media":0,"parent":0,"menu_order":0,"comment_status":"closed","ping_status":"closed","template":"","meta":{"footnotes":""},"class_list":["post-4836","page","type-page","status-publish","hentry"],"_links":{"self":[{"href":"https:\/\/hugogreen.pl\/en\/wp-json\/wp\/v2\/pages\/4836","targetHints":{"allow":["GET"]}}],"collection":[{"href":"https:\/\/hugogreen.pl\/en\/wp-json\/wp\/v2\/pages"}],"about":[{"href":"https:\/\/hugogreen.pl\/en\/wp-json\/wp\/v2\/types\/page"}],"author":[{"embeddable":true,"href":"https:\/\/hugogreen.pl\/en\/wp-json\/wp\/v2\/users\/1"}],"replies":[{"embeddable":true,"href":"https:\/\/hugogreen.pl\/en\/wp-json\/wp\/v2\/comments?post=4836"}],"version-history":[{"count":10,"href":"https:\/\/hugogreen.pl\/en\/wp-json\/wp\/v2\/pages\/4836\/revisions"}],"predecessor-version":[{"id":4973,"href":"https:\/\/hugogreen.pl\/en\/wp-json\/wp\/v2\/pages\/4836\/revisions\/4973"}],"wp:attachment":[{"href":"https:\/\/hugogreen.pl\/en\/wp-json\/wp\/v2\/media?parent=4836"}],"curies":[{"name":"wp","href":"https:\/\/api.w.org\/{rel}","templated":true}]}}