{"id":4829,"date":"2021-07-23T08:07:13","date_gmt":"2021-07-23T06:07:13","guid":{"rendered":"https:\/\/hugogreen.pl\/?page_id=4829"},"modified":"2023-06-09T20:24:36","modified_gmt":"2023-06-09T18:24:36","slug":"hugo-akademia","status":"publish","type":"page","link":"https:\/\/hugogreen.pl\/en\/hugo-akademia\/","title":{"rendered":"Hugo Academy"},"content":{"rendered":"<div class=\"vc_row wpb_row vc_row-fluid\">\n            \t\t\t\t\t\t\t<div class=\"gf-container container\">\n\t\t\t\t\t\t\t\t<div class=\"wpb_column vc_column_container vc_col-sm-12\"><div class=\"vc_column-inner\"><div class=\"wpb_wrapper\"><div class=\"g5plus-space space-69e1789d576e1\" data-id=\"69e1789d576e1\" data-tablet=\"70\" data-tablet-portrait=\"60\" data-mobile=\"40\" data-mobile-landscape=\"50\" style=\"clear: both; display: block; height: 150px\"><\/div><\/div><\/div><\/div>\t\t\t\t\t\t\t<\/div>\n\t\t\t\n\t\t<\/div>\n\t\t<div class=\"vc_row wpb_row vc_row-fluid\">\n            \t\t\t\t\t\t\t<div class=\"gf-container container\">\n\t\t\t\t\t\t\t\t<div class=\"wpb_column vc_column_container vc_col-sm-12\"><div class=\"vc_column-inner\"><div class=\"wpb_wrapper\"><div class=\"gf-heading gf-heading-style-02 text-center\">\n\t<div class=\"gf-heading-inner gf-heading-69e1789d57ef7\">\n                                                <h4 class=\"heading-title\">Hugo Academy<\/h4>\n                                                \t<\/div>\n<\/div>\n<div class=\"vc_empty_space\"   style=\"height: 42px\"><span class=\"vc_empty_space_inner\"><\/span><\/div>\n\t<div class=\"wpb_text_column wpb_content_element\" >\n\t\t<div class=\"wpb_wrapper\">\n\t\t\t<p style=\"text-align: center;\">Zapraszamy do e-kursu Polskiego Stowarzyszenia Rolnictwa Zr\u00f3wnowa\u017conego i \u017bywno\u015bci.<\/p>\n\n\t\t<\/div>\n\t<\/div>\n<div class=\"vc_empty_space\"   style=\"height: 42px\"><span class=\"vc_empty_space_inner\"><\/span><\/div><\/div><\/div><\/div>\t\t\t\t\t\t\t<\/div>\n\t\t\t\n\t\t<\/div>\n\t\t<div class=\"vc_row wpb_row vc_row-fluid\">\n            \t\t\t\t\t\t\t<div class=\"gf-container container\">\n\t\t\t\t\t\t\t\t<div class=\"wpb_column vc_column_container vc_col-sm-12\"><div class=\"vc_column-inner\"><div class=\"wpb_wrapper\">\n\t<div  class=\"wpb_single_image wpb_content_element vc_align_center\">\n\t\t\n\t\t<figure class=\"wpb_wrapper vc_figure\">\n\t\t\t<a href=\"https:\/\/rolnictwozrownowazone.pl\/kurs\/\" target=\"_self\" class=\"vc_single_image-wrapper   vc_box_border_grey\"><img loading=\"lazy\" decoding=\"async\" width=\"1024\" height=\"512\" src=\"https:\/\/hugogreen.pl\/wp-content\/uploads\/2022\/03\/ASAP-AKADEMIA-1024x512.jpg\" class=\"vc_single_image-img attachment-large\" alt=\"\" srcset=\"https:\/\/hugogreen.pl\/wp-content\/uploads\/2022\/03\/ASAP-AKADEMIA-1024x512.jpg 1024w, https:\/\/hugogreen.pl\/wp-content\/uploads\/2022\/03\/ASAP-AKADEMIA-300x150.jpg 300w, https:\/\/hugogreen.pl\/wp-content\/uploads\/2022\/03\/ASAP-AKADEMIA-768x384.jpg 768w, https:\/\/hugogreen.pl\/wp-content\/uploads\/2022\/03\/ASAP-AKADEMIA-1536x768.jpg 1536w, https:\/\/hugogreen.pl\/wp-content\/uploads\/2022\/03\/ASAP-AKADEMIA-2048x1024.jpg 2048w, https:\/\/hugogreen.pl\/wp-content\/uploads\/2022\/03\/ASAP-AKADEMIA-18x9.jpg 18w\" sizes=\"auto, (max-width: 1024px) 100vw, 1024px\" \/><\/a>\n\t\t<\/figure>\n\t<\/div>\n<\/div><\/div><\/div>\t\t\t\t\t\t\t<\/div>\n\t\t\t\n\t\t<\/div>","protected":false},"excerpt":{"rendered":"Hugo Akademia Zapraszamy do e-kursu Polskiego Stowarzyszenia Rolnictwa Zr\u00f3wnowa\u017conego i \u017bywno\u015bci.","protected":false},"author":1,"featured_media":0,"parent":0,"menu_order":0,"comment_status":"closed","ping_status":"closed","template":"","meta":{"footnotes":""},"class_list":["post-4829","page","type-page","status-publish","hentry"],"_links":{"self":[{"href":"https:\/\/hugogreen.pl\/en\/wp-json\/wp\/v2\/pages\/4829","targetHints":{"allow":["GET"]}}],"collection":[{"href":"https:\/\/hugogreen.pl\/en\/wp-json\/wp\/v2\/pages"}],"about":[{"href":"https:\/\/hugogreen.pl\/en\/wp-json\/wp\/v2\/types\/page"}],"author":[{"embeddable":true,"href":"https:\/\/hugogreen.pl\/en\/wp-json\/wp\/v2\/users\/1"}],"replies":[{"embeddable":true,"href":"https:\/\/hugogreen.pl\/en\/wp-json\/wp\/v2\/comments?post=4829"}],"version-history":[{"count":11,"href":"https:\/\/hugogreen.pl\/en\/wp-json\/wp\/v2\/pages\/4829\/revisions"}],"predecessor-version":[{"id":5061,"href":"https:\/\/hugogreen.pl\/en\/wp-json\/wp\/v2\/pages\/4829\/revisions\/5061"}],"wp:attachment":[{"href":"https:\/\/hugogreen.pl\/en\/wp-json\/wp\/v2\/media?parent=4829"}],"curies":[{"name":"wp","href":"https:\/\/api.w.org\/{rel}","templated":true}]}}