{"id":4653,"date":"2021-06-22T11:07:50","date_gmt":"2021-06-22T09:07:50","guid":{"rendered":"https:\/\/hugogreen.pl\/?page_id=4653"},"modified":"2024-05-13T09:36:34","modified_gmt":"2024-05-13T07:36:34","slug":"kontakt","status":"publish","type":"page","link":"https:\/\/hugogreen.pl\/en\/kontakt\/","title":{"rendered":"Contact"},"content":{"rendered":"<div class=\"vc_row wpb_row vc_row-fluid\">\n            \t\t\t\t\t\t\t<div class=\"gf-container container\">\n\t\t\t\t\t\t\t\t<div class=\"wpb_column vc_column_container vc_col-sm-12\"><div class=\"vc_column-inner\"><div class=\"wpb_wrapper\"><div class=\"g5plus-space space-69e177b690d88\" data-id=\"69e177b690d88\" data-tablet=\"110\" data-tablet-portrait=\"70\" data-mobile=\"30\" data-mobile-landscape=\"50\" style=\"clear: both; display: block; height: 140px\"><\/div><div class=\"gf-heading gf-heading-style-01 text-center sm-text-left\">\n\t<div class=\"gf-heading-inner gf-heading-69e177b690f97\">\n                                    <span class=\"heading-sub-title\">CONTACT<\/span>\n                                        <h4 class=\"heading-title\">Contact Us<\/h4>\n                                                \t<\/div>\n<\/div>\n<div class=\"g5plus-space space-69e177b691307\" data-id=\"69e177b691307\" data-tablet=\"70\" data-tablet-portrait=\"60\" data-mobile=\"40\" data-mobile-landscape=\"50\" style=\"clear: both; display: block; height: 90px\"><\/div><\/div><\/div><\/div><div class=\"wpb_column vc_column_container vc_col-sm-6 vc_col-md-4\"><div class=\"vc_column-inner\"><div class=\"wpb_wrapper\"><div class=\"gsf-info-box style-03 clearfix icon-align-top icon-classic ib-medium info-box-69e177b691972\">\n\t\t\t<div class=\"ib-shape\">\n\t\t\t<div class=\"ib-shape-inner\">\n\t\t\t\t<i class=\"flaticon-telephone-handle-silhouette\"><\/i>\t\t\t<\/div>\n\t\t<\/div>\n\t\t\t\t\t<div class=\"ib-content\">\n\t\t\t\t\t\t\t\t\t\t\t\t\t\t<h4 class=\"info-box-title\">Phone<\/h4>\n\t\t\t\t\t\t\t\t\t\t\t\t\t\t<div class=\"info-box-des\">\n\t\t\t\t\t\t<p><strong class=\"fs-15\">Mobile:<\/strong><span class=\"fs-15\"> +48 694 321 509<\/span><\/p>\n\t\t\t\t\t<\/div>\n\t\t\t\t\t\t\t<\/div>\n\t\t\t<\/div>\n<\/div><\/div><\/div><div class=\"wpb_column vc_column_container vc_col-sm-6 vc_col-md-4\"><div class=\"vc_column-inner\"><div class=\"wpb_wrapper\"><div class=\"gsf-info-box style-03 clearfix icon-align-top icon-classic ib-medium info-box-69e177b691df2\">\n\t\t\t<div class=\"ib-shape\">\n\t\t\t<div class=\"ib-shape-inner\">\n\t\t\t\t<i class=\"flaticon-placeholder\"><\/i>\t\t\t<\/div>\n\t\t<\/div>\n\t\t\t\t\t<div class=\"ib-content\">\n\t\t\t\t\t\t\t\t\t\t\t\t\t\t<h4 class=\"info-box-title\">Address<\/h4>\n\t\t\t\t\t\t\t\t\t\t\t\t\t\t<div class=\"info-box-des\">\n\t\t\t\t\t\t<p><strong>HUGO Green Solution sp z o.o.<br \/>\n<\/strong>NIP 6762582794<br \/>\nKRS 0000850680<br \/>\nREGON 386573490<\/p>\n<p>Al. Adama Mickiewicza 21C \/ 2,\u00a0 31-120 Krak\u00f3w<\/p>\n\t\t\t\t\t<\/div>\n\t\t\t\t\t\t\t<\/div>\n\t\t\t<\/div>\n<\/div><\/div><\/div><div class=\"wpb_column vc_column_container vc_col-sm-12 vc_col-md-4\"><div class=\"vc_column-inner\"><div class=\"wpb_wrapper\"><div class=\"gsf-info-box style-03 clearfix icon-align-top icon-classic ib-medium info-box-69e177b69221a\">\n\t\t\t<div class=\"ib-shape\">\n\t\t\t<div class=\"ib-shape-inner\">\n\t\t\t\t<i class=\"flaticon-note\"><\/i>\t\t\t<\/div>\n\t\t<\/div>\n\t\t\t\t\t<div class=\"ib-content\">\n\t\t\t\t\t\t\t\t\t\t\t\t\t\t<h4 class=\"info-box-title\">Mail<\/h4>\n\t\t\t\t\t\t\t\t\t\t\t\t\t\t<div class=\"info-box-des\">\n\t\t\t\t\t\t<p><span style=\"font-size: 15px;\"><b>biuro@hugogreen.pl<\/b><\/span><\/p>\n\t\t\t\t\t<\/div>\n\t\t\t\t\t\t\t<\/div>\n\t\t\t<\/div>\n<\/div><\/div><\/div><div class=\"wpb_column vc_column_container vc_col-sm-12\"><div class=\"vc_column-inner\"><div class=\"wpb_wrapper\"><div class=\"g5plus-space space-69e177b692715\" data-id=\"69e177b692715\" data-tablet=\"80\" data-tablet-portrait=\"70\" data-mobile=\"50\" data-mobile-landscape=\"60\" style=\"clear: both; display: block; height: 102px\"><\/div><\/div><\/div><\/div>\t\t\t\t\t\t\t<\/div>\n\t\t\t\n\t\t<\/div>\n\t\t<div class=\"vc_row wpb_row vc_row-fluid\">\n            \t\t\t\t\t\t\t<div class=\"gf-container container\">\n\t\t\t\t\t\t\t\t<div class=\"gsf-contact-form wpb_column vc_column_container vc_col-sm-12\"><div class=\"vc_column-inner\"><div class=\"wpb_wrapper\"><div class=\"gf-heading gf-heading-style-01 text-center sm-text-left\">\n\t<div class=\"gf-heading-inner gf-heading-69e177b692baa\">\n                                    <span class=\"heading-sub-title\">SEND US A MESSAGE<\/span>\n                                        <h4 class=\"heading-title\">Contact Form<\/h4>\n                                                \t<\/div>\n<\/div>\n<div class=\"g5plus-space space-69e177b692f15\" data-id=\"69e177b692f15\" data-tablet=\"50\" data-tablet-portrait=\"40\" data-mobile=\"30\" data-mobile-landscape=\"30\" style=\"clear: both; display: block; height: 58px\"><\/div>\n<div class=\"wpcf7 no-js\" id=\"wpcf7-f4684-o1\" lang=\"pl-PL\" dir=\"ltr\" data-wpcf7-id=\"4684\">\n<div class=\"screen-reader-response\"><p role=\"status\" aria-live=\"polite\" aria-atomic=\"true\"><\/p> <ul><\/ul><\/div>\n<form action=\"\/en\/wp-json\/wp\/v2\/pages\/4653#wpcf7-f4684-o1\" method=\"post\" class=\"wpcf7-form init\" aria-label=\"Contact Form\" novalidate=\"novalidate\" data-status=\"init\" data-trp-original-action=\"\/en\/wp-json\/wp\/v2\/pages\/4653#wpcf7-f4684-o1\">\n<fieldset class=\"hidden-fields-container\"><input type=\"hidden\" name=\"_wpcf7\" value=\"4684\" \/><input type=\"hidden\" name=\"_wpcf7_version\" value=\"6.1.5\" \/><input type=\"hidden\" name=\"_wpcf7_locale\" value=\"pl_PL\" \/><input type=\"hidden\" name=\"_wpcf7_unit_tag\" value=\"wpcf7-f4684-o1\" \/><input type=\"hidden\" name=\"_wpcf7_container_post\" value=\"0\" \/><input type=\"hidden\" name=\"_wpcf7_posted_data_hash\" value=\"\" \/>\n<\/fieldset>\n<div class=\"row\">\n\t<div class=\"col-md-4 mg-bottom-40\">\n\t\t<p><span class=\"wpcf7-form-control-wrap\" data-name=\"your-name\"><input size=\"40\" maxlength=\"400\" class=\"wpcf7-form-control wpcf7-text wpcf7-validates-as-required\" aria-required=\"true\" aria-invalid=\"false\" placeholder=\"Name and Surname\" value=\"\" type=\"text\" name=\"your-name\" \/><\/span>\n\t\t<\/p>\n\t<\/div>\n\t<div class=\"col-md-4 mg-bottom-40\">\n\t\t<p><span class=\"wpcf7-form-control-wrap\" data-name=\"your-email\"><input size=\"40\" maxlength=\"400\" class=\"wpcf7-form-control wpcf7-email wpcf7-validates-as-required wpcf7-text wpcf7-validates-as-email\" aria-required=\"true\" aria-invalid=\"false\" placeholder=\"E-mail\" value=\"\" type=\"email\" name=\"your-email\" \/><\/span>\n\t\t<\/p>\n\t<\/div>\n\t<div class=\"col-md-4 mg-bottom-40\">\n\t\t<p><span class=\"wpcf7-form-control-wrap\" data-name=\"your-subject\"><input size=\"40\" maxlength=\"400\" class=\"wpcf7-form-control wpcf7-text\" aria-invalid=\"false\" placeholder=\"Topic\" value=\"\" type=\"text\" name=\"your-subject\" \/><\/span>\n\t\t<\/p>\n\t<\/div>\n\t<div class=\"col-md-12 mg-bottom-25\">\n\t\t<p><span class=\"wpcf7-form-control-wrap\" data-name=\"your-message\"><textarea cols=\"40\" rows=\"10\" maxlength=\"2000\" class=\"wpcf7-form-control wpcf7-textarea\" aria-invalid=\"false\" placeholder=\"Message\" name=\"your-message\"><\/textarea><\/span>\n\t\t<\/p>\n\t<\/div>\n<\/div>\n<p><button type =\"submit\" class=\"btn btn-accent btn-classic btn-rounded btn-md btn-icon btn-icon-right\">Submit the message<i class=\"flaticon-right-arrow-1\"><\/i><\/button>\n<\/p><div class=\"wpcf7-response-output\" aria-hidden=\"true\"><\/div>\n<input type=\"hidden\" name=\"trp-form-language\" value=\"en\"\/><\/form>\n<\/div>\n<\/div><\/div><\/div>\t\t\t\t\t\t\t<\/div>\n\t\t\t\n\t\t<\/div>\n\t\t<div class=\"vc_row wpb_row vc_row-fluid\">\n            \t\t\t\t\t\t\t\t<div class=\"wpb_column vc_column_container vc_col-sm-12\"><div class=\"vc_column-inner\"><div class=\"wpb_wrapper\"><div class=\"g5plus-space space-69e177b69457c\" data-id=\"69e177b69457c\" data-tablet=\"100\" data-tablet-portrait=\"80\" data-mobile=\"40\" data-mobile-landscape=\"60\" style=\"clear: both; display: block; height: 130px\"><\/div><div class=\"wpb_gmaps_widget wpb_content_element\"><div class=\"wpb_wrapper\"><div class=\"wpb_map_wraper\"><iframe src=\"https:\/\/www.google.com\/maps\/embed?pb=!1m18!1m12!1m3!1d2561.1418625361134!2d19.922572615888754!3d50.06490482295064!2m3!1f0!2f0!3f0!3m2!1i1024!2i768!4f13.1!3m3!1m2!1s0x47165b09e3d8b325%3A0x4fe2c7f5ea120801!2saleja%20Adama%20Mickiewicza%2021c%2C%2031-120%20Krak%C3%B3w!5e0!3m2!1spl!2spl!4v1624355288972!5m2!1spl!2spl\" width=\"600\" height=\"600\" style=\"border:0;\" allowfullscreen=\"\" loading=\"lazy\"><\/iframe><\/div><\/div><\/div><\/div><\/div><\/div>\t\t\t\n\t\t<\/div>","protected":false},"excerpt":{"rendered":"KONTAKT Zapraszamy do kontaktu Telefonicznie Telefon: +48 694 321 509 Listownie HUGO Green Solution sp z o.o. NIP 6762582794 KRS 0000850680 REGON 386573490 Al. Adama Mickiewicza 21C \/ 2,\u00a0 31-120 Krak\u00f3w Mailowo biuro@hugogreen.pl \u0141ATWY KONTAKT Formularz kontaktowy Wy\u015blij","protected":false},"author":1,"featured_media":0,"parent":0,"menu_order":0,"comment_status":"closed","ping_status":"closed","template":"","meta":{"footnotes":""},"class_list":["post-4653","page","type-page","status-publish","hentry"],"_links":{"self":[{"href":"https:\/\/hugogreen.pl\/en\/wp-json\/wp\/v2\/pages\/4653","targetHints":{"allow":["GET"]}}],"collection":[{"href":"https:\/\/hugogreen.pl\/en\/wp-json\/wp\/v2\/pages"}],"about":[{"href":"https:\/\/hugogreen.pl\/en\/wp-json\/wp\/v2\/types\/page"}],"author":[{"embeddable":true,"href":"https:\/\/hugogreen.pl\/en\/wp-json\/wp\/v2\/users\/1"}],"replies":[{"embeddable":true,"href":"https:\/\/hugogreen.pl\/en\/wp-json\/wp\/v2\/comments?post=4653"}],"version-history":[{"count":11,"href":"https:\/\/hugogreen.pl\/en\/wp-json\/wp\/v2\/pages\/4653\/revisions"}],"predecessor-version":[{"id":5065,"href":"https:\/\/hugogreen.pl\/en\/wp-json\/wp\/v2\/pages\/4653\/revisions\/5065"}],"wp:attachment":[{"href":"https:\/\/hugogreen.pl\/en\/wp-json\/wp\/v2\/media?parent=4653"}],"curies":[{"name":"wp","href":"https:\/\/api.w.org\/{rel}","templated":true}]}}