{"id":4649,"date":"2021-06-22T11:05:49","date_gmt":"2021-06-22T09:05:49","guid":{"rendered":"https:\/\/hugogreen.pl\/?page_id=4649"},"modified":"2022-06-17T16:46:51","modified_gmt":"2022-06-17T14:46:51","slug":"o-nas","status":"publish","type":"page","link":"https:\/\/hugogreen.pl\/en\/o-nas\/","title":{"rendered":"About Us"},"content":{"rendered":"<div class=\"vc_row wpb_row vc_row-fluid md-custom-background vc_custom_1625649828709 vc_row-has-fill\">\n            \t\t\t\t\t\t\t<div class=\"gf-container container\">\n\t\t\t\t\t\t\t\t<div class=\"wpb_column vc_column_container vc_col-sm-6 vc_col-lg-6 vc_col-md-9\"><div class=\"vc_column-inner\"><div class=\"wpb_wrapper\"><div class=\"g5plus-space space-69e177b138f53\" data-id=\"69e177b138f53\" data-tablet=\"110\" data-tablet-portrait=\"90\" data-mobile=\"70\" data-mobile-landscape=\"80\" style=\"clear: both; display: block; height: 145px\"><\/div><div class=\"gf-heading gf-heading-style-01 text-left vc_custom_1639596568220\">\n\t<div class=\"gf-heading-inner gf-heading-69e177b13918c\">\n                                    <span class=\"heading-sub-title\">ABOUT HUGO GREEN SOLUTIONS<\/span>\n                                                    <div class=\"heading-description\">\n                    <h3>We develop autonomous solutions for precision farming<\/h3>\n                <\/div>\n                    \t<\/div>\n<\/div>\n\n\t<div class=\"wpb_text_column wpb_content_element  mg-bottom-0\" >\n\t\t<div class=\"wpb_wrapper\">\n\t\t\t<p>Rising number of people on Earth, climate changes - it impacts all sectors including Agriculture. Our goal is to solve the most challenging issues in the farming world by using cutting-edge technology.<\/p>\n<p>We know the technology and science can build better future of farming in harmony with nature.<\/p>\n\n\t\t<\/div>\n\t<\/div>\n<div class=\"g5plus-space space-69e177b13990b\" data-id=\"69e177b13990b\" data-tablet=\"40\" data-tablet-portrait=\"30\" data-mobile=\"30\" data-mobile-landscape=\"30\" style=\"clear: both; display: block; height: 42px\"><\/div><div class=\"g5plus-space space-69e177b139c08\" data-id=\"69e177b139c08\" data-tablet=\"100\" data-tablet-portrait=\"80\" data-mobile=\"60\" data-mobile-landscape=\"70\" style=\"clear: both; display: block; height: 130px\"><\/div><div class=\"g5plus-space space-69e177b139f08\" data-id=\"69e177b139f08\" data-tablet=\"100\" data-tablet-portrait=\"80\" data-mobile=\"60\" data-mobile-landscape=\"70\" style=\"clear: both; display: block; height: 130px\"><\/div><\/div><\/div><\/div><div class=\"wpb_column vc_column_container vc_col-sm-6\"><div class=\"vc_column-inner\"><div class=\"wpb_wrapper\">\n\t<div  class=\"wpb_single_image wpb_content_element vc_align_left\">\n\t\t\n\t\t<figure class=\"wpb_wrapper vc_figure\">\n\t\t\t<div class=\"vc_single_image-wrapper   vc_box_border_grey\"><img loading=\"lazy\" decoding=\"async\" width=\"640\" height=\"960\" src=\"https:\/\/hugogreen.pl\/wp-content\/uploads\/2021\/07\/pexels-karolina-grabowska-4497734.jpg\" class=\"vc_single_image-img attachment-large\" alt=\"\" srcset=\"https:\/\/hugogreen.pl\/wp-content\/uploads\/2021\/07\/pexels-karolina-grabowska-4497734.jpg 640w, https:\/\/hugogreen.pl\/wp-content\/uploads\/2021\/07\/pexels-karolina-grabowska-4497734-200x300.jpg 200w, https:\/\/hugogreen.pl\/wp-content\/uploads\/2021\/07\/pexels-karolina-grabowska-4497734-8x12.jpg 8w\" sizes=\"auto, (max-width: 640px) 100vw, 640px\" \/><\/div>\n\t\t<\/figure>\n\t<\/div>\n<\/div><\/div><\/div>\t\t\t\t\t\t\t<\/div>\n\t\t\t\n\t\t<\/div>\n\t\t<div class=\"vc_row wpb_row vc_row-fluid\">\n            \t\t\t\t\t\t\t<div class=\"gf-container container\">\n\t\t\t\t\t\t\t\t<div class=\"wpb_column vc_column_container vc_col-sm-12\"><div class=\"vc_column-inner\"><div class=\"wpb_wrapper\"><div class=\"gsf-border-container fs-0 text-center\">\n    <span class=\"gsf-border-inner display-inline-block gsf-border-9276\"><\/span>\n<\/div><\/div><\/div><\/div>\t\t\t\t\t\t\t<\/div>\n\t\t\t\n\t\t<\/div>\n\t\t<div class=\"vc_row wpb_row vc_row-fluid\">\n            \t\t\t\t\t\t\t<div class=\"gf-container container\">\n\t\t\t\t\t\t\t\t<div class=\"wpb_column vc_column_container vc_col-sm-12\"><div class=\"vc_column-inner\"><div class=\"wpb_wrapper\"><div class=\"gf-heading gf-heading-style-04 text-center\">\n\t<div class=\"gf-heading-inner gf-heading-69e177b13b5fa\">\n                                    <h4 class=\"heading-title\">OUR MISSION<\/h4>\n                                \t<\/div>\n<\/div>\n<\/div><\/div><\/div>\t\t\t\t\t\t\t<\/div>\n\t\t\t\n\t\t<\/div>\n\t\t<div class=\"vc_row wpb_row vc_row-fluid\">\n            \t\t\t\t\t\t\t<div class=\"gf-container container\">\n\t\t\t\t\t\t\t\t<div class=\"wpb_column vc_column_container vc_col-sm-12\"><div class=\"vc_column-inner\"><div class=\"wpb_wrapper\"><div class=\"vc_empty_space\"   style=\"height: 32px\"><span class=\"vc_empty_space_inner\"><\/span><\/div><div class=\"vc_row wpb_row vc_inner vc_row-fluid\"><div class=\"wpb_column vc_column_container vc_col-sm-3\"><div class=\"vc_column-inner\"><div class=\"wpb_wrapper\"><div class=\"gf-heading gf-heading-style-01 text-center\">\n\t<div class=\"gf-heading-inner gf-heading-69e177b13c33b\">\n                                                <h4 class=\"heading-title\">Work Automation in the field<\/h4>\n                                                \t<\/div>\n<\/div>\n<\/div><\/div><\/div><div class=\"wpb_column vc_column_container vc_col-sm-3\"><div class=\"vc_column-inner\"><div class=\"wpb_wrapper\"><div class=\"gf-heading gf-heading-style-01 text-center\">\n\t<div class=\"gf-heading-inner gf-heading-69e177b13c889\">\n                                                <h4 class=\"heading-title\">European Green Deal-ready<\/h4>\n                                                \t<\/div>\n<\/div>\n<\/div><\/div><\/div><div class=\"wpb_column vc_column_container vc_col-sm-3\"><div class=\"vc_column-inner\"><div class=\"wpb_wrapper\"><div class=\"gf-heading gf-heading-style-01 text-center\">\n\t<div class=\"gf-heading-inner gf-heading-69e177b13cd8d\">\n                                                <h4 class=\"heading-title\">Education about sustainable farming<\/h4>\n                                                \t<\/div>\n<\/div>\n<\/div><\/div><\/div><div class=\"wpb_column vc_column_container vc_col-sm-3\"><div class=\"vc_column-inner\"><div class=\"wpb_wrapper\"><div class=\"gf-heading gf-heading-style-01 text-center\">\n\t<div class=\"gf-heading-inner gf-heading-69e177b13d204\">\n                                                <h4 class=\"heading-title\">Simple access to soil analysis and consulting<\/h4>\n                                                \t<\/div>\n<\/div>\n<\/div><\/div><\/div><\/div><div class=\"vc_empty_space\"   style=\"height: 32px\"><span class=\"vc_empty_space_inner\"><\/span><\/div><div class=\"gsf-border-container fs-0 text-center\">\n    <span class=\"gsf-border-inner display-inline-block gsf-border-4263\"><\/span>\n<\/div><div class=\"gf-heading gf-heading-style-01 text-center\">\n\t<div class=\"gf-heading-inner gf-heading-69e177b13d76d\">\n                                                <h4 class=\"heading-title\">STRATEGY<\/h4>\n                                                \t<\/div>\n<\/div>\n<div class=\"vc_empty_space\"   style=\"height: 32px\"><span class=\"vc_empty_space_inner\"><\/span><\/div><div class=\"vc_row wpb_row vc_inner vc_row-fluid\"><div class=\"wpb_column vc_column_container vc_col-sm-3\"><div class=\"vc_column-inner\"><div class=\"wpb_wrapper\"><div class=\"gf-heading gf-heading-style-01 text-center\">\n\t<div class=\"gf-heading-inner gf-heading-69e177b13ddcc\">\n                                                <h4 class=\"heading-title\">Autonomiczne roboty rolnicze<\/h4>\n                                                \t<\/div>\n<\/div>\n<\/div><\/div><\/div><div class=\"wpb_column vc_column_container vc_col-sm-3\"><div class=\"vc_column-inner\"><div class=\"wpb_wrapper\"><div class=\"gf-heading gf-heading-style-01 text-center\">\n\t<div class=\"gf-heading-inner gf-heading-69e177b13e1f3\">\n                                                <h4 class=\"heading-title\">Kompleksowe doradztwo rolnicze<\/h4>\n                                                \t<\/div>\n<\/div>\n<\/div><\/div><\/div><div class=\"wpb_column vc_column_container vc_col-sm-3\"><div class=\"vc_column-inner\"><div class=\"wpb_wrapper\"><div class=\"gf-heading gf-heading-style-01 text-center\">\n\t<div class=\"gf-heading-inner gf-heading-69e177b13e668\">\n                                                <h4 class=\"heading-title\">Warsztaty nt. rolnictwa precyzyjnego<\/h4>\n                                                \t<\/div>\n<\/div>\n<\/div><\/div><\/div><div class=\"wpb_column vc_column_container vc_col-sm-3\"><div class=\"vc_column-inner\"><div class=\"wpb_wrapper\"><div class=\"gf-heading gf-heading-style-01 text-center\">\n\t<div class=\"gf-heading-inner gf-heading-69e177b13ea57\">\n                                                <h4 class=\"heading-title\">Rozbudowane analizy pr\u00f3b gleby i zalecenia<\/h4>\n                                                \t<\/div>\n<\/div>\n<\/div><\/div><\/div><\/div><div class=\"vc_empty_space\"   style=\"height: 32px\"><span class=\"vc_empty_space_inner\"><\/span><\/div><div class=\"gsf-border-container fs-0 text-center\">\n    <span class=\"gsf-border-inner display-inline-block gsf-border-1488\"><\/span>\n<\/div><\/div><\/div><\/div>\t\t\t\t\t\t\t<\/div>\n\t\t\t\n\t\t<\/div>\n\t\t<div class=\"vc_row wpb_row vc_row-fluid\">\n            \t\t\t\t\t\t\t<div class=\"gf-container container\">\n\t\t\t\t\t\t\t\t<div class=\"wpb_column vc_column_container vc_col-sm-12\"><div class=\"vc_column-inner\"><div class=\"wpb_wrapper\"><div class=\"gf-heading gf-heading-style-01 text-center\">\n\t<div class=\"gf-heading-inner gf-heading-69e177b13f2d7\">\n                                                <h4 class=\"heading-title\">ZESP\u00d3\u0141<\/h4>\n                                                \t<\/div>\n<\/div>\n<div class=\"vc_empty_space\"   style=\"height: 32px\"><span class=\"vc_empty_space_inner\"><\/span><\/div><div class=\"vc_row wpb_row vc_inner vc_row-fluid\"><div class=\"wpb_column vc_column_container vc_col-sm-4\"><div class=\"vc_column-inner\"><div class=\"wpb_wrapper\">\n\t<div  class=\"wpb_single_image wpb_content_element vc_align_center\">\n\t\t\n\t\t<figure class=\"wpb_wrapper vc_figure\">\n\t\t\t<div class=\"vc_single_image-wrapper   vc_box_border_grey\"><img loading=\"lazy\" decoding=\"async\" class=\"vc_single_image-img\" src=\"https:\/\/hugogreen.pl\/wp-content\/uploads\/2021\/07\/Tomasz20Czech20-20zdjC499cie-300x300.jpg\" width=\"300\" height=\"300\" alt=\"TomaszCzech-zdjcie\" title=\"TomaszCzech-zdjcie\" \/><\/div>\n\t\t<\/figure>\n\t<\/div>\n\n\t<div class=\"wpb_text_column wpb_content_element\" >\n\t\t<div class=\"wpb_wrapper\">\n\t\t\t<p style=\"text-align: center;\"><strong>Tomasz Czech<br \/>\nCEO<\/strong><\/p>\n<p style=\"text-align: center;\">Agronomy Doctor, he is experienced as the Technology Broker and Business Developer.<\/p>\n\n\t\t<\/div>\n\t<\/div>\n<\/div><\/div><\/div><div class=\"wpb_column vc_column_container vc_col-sm-4\"><div class=\"vc_column-inner\"><div class=\"wpb_wrapper\">\n\t<div  class=\"wpb_single_image wpb_content_element vc_align_center\">\n\t\t\n\t\t<figure class=\"wpb_wrapper vc_figure\">\n\t\t\t<div class=\"vc_single_image-wrapper   vc_box_border_grey\"><img loading=\"lazy\" decoding=\"async\" class=\"vc_single_image-img\" src=\"https:\/\/hugogreen.pl\/wp-content\/uploads\/2021\/07\/agnieszka-klimek-kopyra-300x300.jpg\" width=\"300\" height=\"300\" alt=\"agnieszka-klimek-kopyra\" title=\"agnieszka-klimek-kopyra\" \/><\/div>\n\t\t<\/figure>\n\t<\/div>\n\n\t<div class=\"wpb_text_column wpb_content_element\" >\n\t\t<div class=\"wpb_wrapper\">\n\t\t\t<p style=\"text-align: center;\"><strong>Agnieszka Klimek-Kopyra<br \/>\nCTO<\/strong><\/p>\n<p>Researcher in the Faculty of\nAgricultural And Economics University of Agriculture in Krakow.<\/p>\n\n\t\t<\/div>\n\t<\/div>\n<\/div><\/div><\/div><div class=\"wpb_column vc_column_container vc_col-sm-4\"><div class=\"vc_column-inner\"><div class=\"wpb_wrapper\">\n\t<div  class=\"wpb_single_image wpb_content_element vc_align_center\">\n\t\t\n\t\t<figure class=\"wpb_wrapper vc_figure\">\n\t\t\t<div class=\"vc_single_image-wrapper   vc_box_border_grey\"><img loading=\"lazy\" decoding=\"async\" class=\"vc_single_image-img\" src=\"https:\/\/hugogreen.pl\/wp-content\/uploads\/2021\/07\/Jerzy20PrC3B3chnicki20-20zdjC499cie-300x300.png\" width=\"300\" height=\"300\" alt=\"JerzyPrchnicki-zdjcie\" title=\"JerzyPrchnicki-zdjcie\" \/><\/div>\n\t\t<\/figure>\n\t<\/div>\n\n\t<div class=\"wpb_text_column wpb_content_element\" >\n\t\t<div class=\"wpb_wrapper\">\n\t\t\t<p style=\"text-align: center;\"><strong>Jerzy Pr\u00f3chnicki<\/strong><br \/>\n<strong>Doradca, konsultant<\/strong><\/p>\n<p>Agriculture Expert,\nResearch Director in Bayer Crop.<\/p>\n\n\t\t<\/div>\n\t<\/div>\n<\/div><\/div><\/div><\/div><div class=\"vc_row wpb_row vc_inner vc_row-fluid\"><div class=\"wpb_column vc_column_container vc_col-sm-4\"><div class=\"vc_column-inner\"><div class=\"wpb_wrapper\">\n\t<div  class=\"wpb_single_image wpb_content_element vc_align_center\">\n\t\t\n\t\t<figure class=\"wpb_wrapper vc_figure\">\n\t\t\t<div class=\"vc_single_image-wrapper   vc_box_border_grey\"><img loading=\"lazy\" decoding=\"async\" class=\"vc_single_image-img\" src=\"https:\/\/hugogreen.pl\/wp-content\/uploads\/2021\/07\/albert-lewandowski-300x300.jpg\" width=\"300\" height=\"300\" alt=\"albert-lewandowski\" title=\"albert-lewandowski\" \/><\/div>\n\t\t<\/figure>\n\t<\/div>\n\n\t<div class=\"wpb_text_column wpb_content_element\" >\n\t\t<div class=\"wpb_wrapper\">\n\t\t\t<p style=\"text-align: center;\"><strong>Albert David Lewandowski<\/strong><br \/>\n<strong>COO, Head of IT<\/strong><\/p>\n<p>Cloud, AI, Blockchain Architect with wide experience in startups in Industry 4.0, Space, Blockchain sector.<\/p>\n\n\t\t<\/div>\n\t<\/div>\n<\/div><\/div><\/div><div class=\"wpb_column vc_column_container vc_col-sm-4\"><div class=\"vc_column-inner\"><div class=\"wpb_wrapper\">\n\t<div  class=\"wpb_single_image wpb_content_element vc_align_center\">\n\t\t\n\t\t<figure class=\"wpb_wrapper vc_figure\">\n\t\t\t<div class=\"vc_single_image-wrapper   vc_box_border_grey\"><img loading=\"lazy\" decoding=\"async\" class=\"vc_single_image-img\" src=\"https:\/\/hugogreen.pl\/wp-content\/uploads\/2021\/07\/Sesja-biznesowa-300x300.jpg\" width=\"300\" height=\"300\" alt=\"Micha\u0142 Szczurek\" title=\"Sesja biznesowa\" \/><\/div>\n\t\t<\/figure>\n\t<\/div>\n\n\t<div class=\"wpb_text_column wpb_content_element\" >\n\t\t<div class=\"wpb_wrapper\">\n\t\t\t<p style=\"text-align: center;\"><strong>Micha\u0142 Szczurek<\/strong><br \/>\n<strong>CPO, Project Manager<\/strong><\/p>\n<p>Owner of DroneRescue specialized in precision farming, Business Process Analyst.<\/p>\n\n\t\t<\/div>\n\t<\/div>\n<\/div><\/div><\/div><div class=\"wpb_column vc_column_container vc_col-sm-4\"><div class=\"vc_column-inner\"><div class=\"wpb_wrapper\">\n\t<div  class=\"wpb_single_image wpb_content_element vc_align_center\">\n\t\t\n\t\t<figure class=\"wpb_wrapper vc_figure\">\n\t\t\t<div class=\"vc_single_image-wrapper   vc_box_border_grey\"><img loading=\"lazy\" decoding=\"async\" class=\"vc_single_image-img\" src=\"https:\/\/hugogreen.pl\/wp-content\/uploads\/2021\/07\/Wojciech__PrzywaC582a7-beztla-300x300.png\" width=\"300\" height=\"300\" alt=\"Wojciech__Przywaa7-beztla\" title=\"Wojciech__Przywaa7-beztla\" \/><\/div>\n\t\t<\/figure>\n\t<\/div>\n\n\t<div class=\"wpb_text_column wpb_content_element\" >\n\t\t<div class=\"wpb_wrapper\">\n\t\t\t<p style=\"text-align: center;\"><strong>Wojciech Przywa\u0142a<\/strong><br \/>\n<strong>CMO, Social Media Specialist<\/strong><\/p>\n<p>Technology Broker in the Innovation Hub of University of Agriculture in Krakow, Social Media expert.<\/p>\n\n\t\t<\/div>\n\t<\/div>\n<\/div><\/div><\/div><\/div><\/div><\/div><\/div>\t\t\t\t\t\t\t<\/div>\n\t\t\t\n\t\t<\/div>","protected":false},"excerpt":{"rendered":"O HUGO GREEN SOLUTIONS Nowatorskie rozwi\u0105zania i us\u0142ugi dla rolnictwa precyzyjnego W dobie zmieniaj\u0105cego si\u0119 klimatu, rosn\u0105cej liczby ludno\u015bci niezb\u0119dne staj\u0105 si\u0119 dzia\u0142ania pozwalaj\u0105ce szybciej dostarcza\u0107 \u017cywno\u015b\u0107 wy\u017cszej jako\u015bci w spos\u00f3b przyjazny \u015brodowisku. Technologie Hugo adresuj\u0105 w\u0142a\u015bnie te problemy - ca\u0142y nasz zesp\u00f3\u0142 z bogatym do\u015bwiadczeniem biznesowym, naukowym i technicznym pomaga rolnictwu wej\u015b\u0107 w nowy [...]","protected":false},"author":1,"featured_media":0,"parent":0,"menu_order":0,"comment_status":"closed","ping_status":"closed","template":"","meta":{"footnotes":""},"class_list":["post-4649","page","type-page","status-publish","hentry"],"_links":{"self":[{"href":"https:\/\/hugogreen.pl\/en\/wp-json\/wp\/v2\/pages\/4649","targetHints":{"allow":["GET"]}}],"collection":[{"href":"https:\/\/hugogreen.pl\/en\/wp-json\/wp\/v2\/pages"}],"about":[{"href":"https:\/\/hugogreen.pl\/en\/wp-json\/wp\/v2\/types\/page"}],"author":[{"embeddable":true,"href":"https:\/\/hugogreen.pl\/en\/wp-json\/wp\/v2\/users\/1"}],"replies":[{"embeddable":true,"href":"https:\/\/hugogreen.pl\/en\/wp-json\/wp\/v2\/comments?post=4649"}],"version-history":[{"count":24,"href":"https:\/\/hugogreen.pl\/en\/wp-json\/wp\/v2\/pages\/4649\/revisions"}],"predecessor-version":[{"id":5008,"href":"https:\/\/hugogreen.pl\/en\/wp-json\/wp\/v2\/pages\/4649\/revisions\/5008"}],"wp:attachment":[{"href":"https:\/\/hugogreen.pl\/en\/wp-json\/wp\/v2\/media?parent=4649"}],"curies":[{"name":"wp","href":"https:\/\/api.w.org\/{rel}","templated":true}]}}